{"id":2795,"date":"2022-06-19T13:45:00","date_gmt":"2022-06-19T11:45:00","guid":{"rendered":"https:\/\/www.okkf.de\/?page_id=2795"},"modified":"2024-08-03T01:50:49","modified_gmt":"2024-08-02T23:50:49","slug":"musicalabend-2022","status":"publish","type":"page","link":"https:\/\/www.okkf.de\/?page_id=2795","title":{"rendered":"Musicalabend 2024"},"content":{"rendered":"\n<figure class=\"wp-block-image size-large\"><img loading=\"lazy\" decoding=\"async\" width=\"1024\" height=\"157\" src=\"https:\/\/www.okkf.de\/wp-content\/uploads\/2022\/06\/Musicalabend-Schriftzug-1024x157.png\" alt=\"\" class=\"wp-image-2775\" srcset=\"https:\/\/www.okkf.de\/wp-content\/uploads\/2022\/06\/Musicalabend-Schriftzug-1024x157.png 1024w, https:\/\/www.okkf.de\/wp-content\/uploads\/2022\/06\/Musicalabend-Schriftzug-300x46.png 300w, https:\/\/www.okkf.de\/wp-content\/uploads\/2022\/06\/Musicalabend-Schriftzug-768x118.png 768w, https:\/\/www.okkf.de\/wp-content\/uploads\/2022\/06\/Musicalabend-Schriftzug.png 1524w\" sizes=\"auto, (max-width: 1024px) 100vw, 1024px\" \/><\/figure>\n\n\n\n<p>Der Freitag steht unter dem Titel: \u201cMusicalabend\u201d. <\/p>\n\n\n\n<div class=\"wp-block-columns is-layout-flex wp-container-core-columns-is-layout-9d6595d7 wp-block-columns-is-layout-flex\">\n<div class=\"wp-block-column is-layout-flow wp-block-column-is-layout-flow\">\n<p>Ab 20:00 Uhr startet der erste Teil des Programms. Hier f\u00fchrt der Kinderchor St. Augustinus das biblische Musical \u201eJoseph und seine Br\u00fcder \u201c von Gerd-Peter M\u00fcnden auf. Die alttestamentarischen Geschichte ist eine Fortsetzung einer Reihe biblischer Kindermusicals des Braunschweiger Domorganist und Experte in Sachen Kinderchorleitung.<\/p>\n\n\n\n<p><\/p>\n<\/div>\n\n\n\n<div class=\"wp-block-column is-layout-flow wp-block-column-is-layout-flow\">\n<figure class=\"wp-block-image size-large is-resized\"><img loading=\"lazy\" decoding=\"async\" width=\"1024\" height=\"768\" src=\"https:\/\/www.okkf.de\/wp-content\/uploads\/2022\/08\/P1130350-1024x768.jpg\" alt=\"\" class=\"wp-image-3044\" style=\"width:418px;height:auto\" srcset=\"https:\/\/www.okkf.de\/wp-content\/uploads\/2022\/08\/P1130350-1024x768.jpg 1024w, https:\/\/www.okkf.de\/wp-content\/uploads\/2022\/08\/P1130350-300x225.jpg 300w, https:\/\/www.okkf.de\/wp-content\/uploads\/2022\/08\/P1130350-768x576.jpg 768w, https:\/\/www.okkf.de\/wp-content\/uploads\/2022\/08\/P1130350-1536x1152.jpg 1536w, https:\/\/www.okkf.de\/wp-content\/uploads\/2022\/08\/P1130350-2048x1536.jpg 2048w\" sizes=\"auto, (max-width: 1024px) 100vw, 1024px\" \/><\/figure>\n<\/div>\n<\/div>\n\n\n\n<p>Das Oppumer Kleinkunstfestival m\u00f6chte vor allem wie beim letzten mal auch den Kindern die gro\u00dfe B\u00fchne bereiten. Anders als fr\u00fcher sollen auch die Kleinsten die M\u00f6glichkeit haben sich und ihre Kunst im Abendprogramm bei D\u00e4mmerlicht, Leuchtstarker B\u00fchnenbeleuchtung und einem vollen Zuschauerraum, der nicht nur aus den Eltern und Oma und Opa besteht pr\u00e4sentieren zu k\u00f6nnen.<\/p>\n\n\n\n<div class=\"wp-block-columns is-layout-flex wp-container-core-columns-is-layout-9d6595d7 wp-block-columns-is-layout-flex\">\n<div class=\"wp-block-column is-layout-flow wp-block-column-is-layout-flow\">\n<figure class=\"wp-block-image size-large\"><img loading=\"lazy\" decoding=\"async\" width=\"1024\" height=\"768\" src=\"https:\/\/www.okkf.de\/wp-content\/uploads\/2022\/08\/P1130414-1024x768.jpg\" alt=\"\" class=\"wp-image-3083\" srcset=\"https:\/\/www.okkf.de\/wp-content\/uploads\/2022\/08\/P1130414-1024x768.jpg 1024w, https:\/\/www.okkf.de\/wp-content\/uploads\/2022\/08\/P1130414-300x225.jpg 300w, https:\/\/www.okkf.de\/wp-content\/uploads\/2022\/08\/P1130414-768x576.jpg 768w, https:\/\/www.okkf.de\/wp-content\/uploads\/2022\/08\/P1130414-1536x1152.jpg 1536w, https:\/\/www.okkf.de\/wp-content\/uploads\/2022\/08\/P1130414-2048x1536.jpg 2048w\" sizes=\"auto, (max-width: 1024px) 100vw, 1024px\" \/><\/figure>\n<\/div>\n\n\n\n<div class=\"wp-block-column is-layout-flow wp-block-column-is-layout-flow\">\n<p>Der zweite Teil steht dann unter dem Titel: \u201eBest of Musical\u201c. Junge Gesangssolist*Innen pr\u00e4sentieren euch dann die Musicalsongs, die Ihr schon immer live h\u00f6ren wolltet! Ein unvergesslicher Abend wartet auf euch, den man nicht verpassen sollte.<\/p>\n<\/div>\n<\/div>\n","protected":false},"excerpt":{"rendered":"<p>Der Freitag steht unter dem Titel: \u201cMusicalabend\u201d. Ab 20:00 Uhr startet der erste Teil des Programms. Hier f\u00fchrt der Kinderchor St. Augustinus das biblische Musical \u201eJoseph und seine Br\u00fcder \u201c von Gerd-Peter M\u00fcnden auf. Die&hellip; <\/p>\n<p><a class=\"more-link\" href=\"https:\/\/www.okkf.de\/?page_id=2795\">Musicalabend 2024 weiterlesen<\/a><\/p>\n","protected":false},"author":1,"featured_media":0,"parent":10,"menu_order":2,"comment_status":"closed","ping_status":"closed","template":"","meta":{"footnotes":""},"class_list":["post-2795","page","type-page","status-publish","hentry"],"yoast_head":"<!-- This site is optimized with the Yoast SEO plugin v27.4 - https:\/\/yoast.com\/product\/yoast-seo-wordpress\/ -->\n<title>Musicalabend 2024 - Oppumer Kleinkunst Festival<\/title>\n<meta name=\"robots\" content=\"index, follow, max-snippet:-1, max-image-preview:large, max-video-preview:-1\" \/>\n<link rel=\"canonical\" href=\"https:\/\/www.okkf.de\/?page_id=2795\" \/>\n<meta property=\"og:locale\" content=\"de_DE\" \/>\n<meta property=\"og:type\" content=\"article\" \/>\n<meta property=\"og:title\" content=\"Musicalabend 2024 - Oppumer Kleinkunst Festival\" \/>\n<meta property=\"og:description\" content=\"Der Freitag steht unter dem Titel: \u201cMusicalabend\u201d. Ab 20:00 Uhr startet der erste Teil des Programms. Hier f\u00fchrt der Kinderchor St. Augustinus das biblische Musical \u201eJoseph und seine Br\u00fcder \u201c von Gerd-Peter M\u00fcnden auf. Die&hellip; Musicalabend 2024 weiterlesen\" \/>\n<meta property=\"og:url\" content=\"https:\/\/www.okkf.de\/?page_id=2795\" \/>\n<meta property=\"og:site_name\" content=\"Oppumer Kleinkunst Festival\" \/>\n<meta property=\"article:publisher\" content=\"https:\/\/www.facebook.com\/OppumerKleinkunstfestival\/\" \/>\n<meta property=\"article:modified_time\" content=\"2024-08-02T23:50:49+00:00\" \/>\n<meta property=\"og:image\" content=\"https:\/\/www.okkf.de\/wp-content\/uploads\/2022\/06\/Musicalabend-Schriftzug-1024x157.png\" \/>\n<meta name=\"twitter:card\" content=\"summary_large_image\" \/>\n<meta name=\"twitter:label1\" content=\"Gesch\u00e4tzte Lesezeit\" \/>\n\t<meta name=\"twitter:data1\" content=\"2\u00a0Minuten\" \/>\n<script type=\"application\/ld+json\" class=\"yoast-schema-graph\">{\"@context\":\"https:\\\/\\\/schema.org\",\"@graph\":[{\"@type\":\"WebPage\",\"@id\":\"https:\\\/\\\/www.okkf.de\\\/?page_id=2795\",\"url\":\"https:\\\/\\\/www.okkf.de\\\/?page_id=2795\",\"name\":\"Musicalabend 2024 - Oppumer Kleinkunst Festival\",\"isPartOf\":{\"@id\":\"https:\\\/\\\/www.okkf.de\\\/#website\"},\"primaryImageOfPage\":{\"@id\":\"https:\\\/\\\/www.okkf.de\\\/?page_id=2795#primaryimage\"},\"image\":{\"@id\":\"https:\\\/\\\/www.okkf.de\\\/?page_id=2795#primaryimage\"},\"thumbnailUrl\":\"https:\\\/\\\/www.okkf.de\\\/wp-content\\\/uploads\\\/2022\\\/06\\\/Musicalabend-Schriftzug-1024x157.png\",\"datePublished\":\"2022-06-19T11:45:00+00:00\",\"dateModified\":\"2024-08-02T23:50:49+00:00\",\"breadcrumb\":{\"@id\":\"https:\\\/\\\/www.okkf.de\\\/?page_id=2795#breadcrumb\"},\"inLanguage\":\"de\",\"potentialAction\":[{\"@type\":\"ReadAction\",\"target\":[\"https:\\\/\\\/www.okkf.de\\\/?page_id=2795\"]}]},{\"@type\":\"ImageObject\",\"inLanguage\":\"de\",\"@id\":\"https:\\\/\\\/www.okkf.de\\\/?page_id=2795#primaryimage\",\"url\":\"https:\\\/\\\/www.okkf.de\\\/wp-content\\\/uploads\\\/2022\\\/06\\\/Musicalabend-Schriftzug.png\",\"contentUrl\":\"https:\\\/\\\/www.okkf.de\\\/wp-content\\\/uploads\\\/2022\\\/06\\\/Musicalabend-Schriftzug.png\",\"width\":1524,\"height\":234},{\"@type\":\"BreadcrumbList\",\"@id\":\"https:\\\/\\\/www.okkf.de\\\/?page_id=2795#breadcrumb\",\"itemListElement\":[{\"@type\":\"ListItem\",\"position\":1,\"name\":\"Startseite\",\"item\":\"https:\\\/\\\/www.okkf.de\\\/\"},{\"@type\":\"ListItem\",\"position\":2,\"name\":\"Impressum\",\"item\":\"https:\\\/\\\/www.okkf.de\\\/?page_id=10\"},{\"@type\":\"ListItem\",\"position\":3,\"name\":\"Musicalabend 2024\"}]},{\"@type\":\"WebSite\",\"@id\":\"https:\\\/\\\/www.okkf.de\\\/#website\",\"url\":\"https:\\\/\\\/www.okkf.de\\\/\",\"name\":\"Oppumer Kleinkunst Festival\",\"description\":\"&quot;Irgendwas ist ja immer&quot;\",\"publisher\":{\"@id\":\"https:\\\/\\\/www.okkf.de\\\/#organization\"},\"potentialAction\":[{\"@type\":\"SearchAction\",\"target\":{\"@type\":\"EntryPoint\",\"urlTemplate\":\"https:\\\/\\\/www.okkf.de\\\/?s={search_term_string}\"},\"query-input\":{\"@type\":\"PropertyValueSpecification\",\"valueRequired\":true,\"valueName\":\"search_term_string\"}}],\"inLanguage\":\"de\"},{\"@type\":\"Organization\",\"@id\":\"https:\\\/\\\/www.okkf.de\\\/#organization\",\"name\":\"Oppumer Kleinkunstfestival\",\"url\":\"https:\\\/\\\/www.okkf.de\\\/\",\"logo\":{\"@type\":\"ImageObject\",\"inLanguage\":\"de\",\"@id\":\"https:\\\/\\\/www.okkf.de\\\/#\\\/schema\\\/logo\\\/image\\\/\",\"url\":\"https:\\\/\\\/www.okkf.de\\\/wp-content\\\/uploads\\\/2020\\\/06\\\/ameise11-1.jpg\",\"contentUrl\":\"https:\\\/\\\/www.okkf.de\\\/wp-content\\\/uploads\\\/2020\\\/06\\\/ameise11-1.jpg\",\"width\":380,\"height\":512,\"caption\":\"Oppumer Kleinkunstfestival\"},\"image\":{\"@id\":\"https:\\\/\\\/www.okkf.de\\\/#\\\/schema\\\/logo\\\/image\\\/\"},\"sameAs\":[\"https:\\\/\\\/www.facebook.com\\\/OppumerKleinkunstfestival\\\/\",\"https:\\\/\\\/www.youtube.com\\\/channel\\\/UCqQSsWm-egXd6EY8tBjH_Aw\\\/\"]}]}<\/script>\n<!-- \/ Yoast SEO plugin. -->","yoast_head_json":{"title":"Musicalabend 2024 - Oppumer Kleinkunst Festival","robots":{"index":"index","follow":"follow","max-snippet":"max-snippet:-1","max-image-preview":"max-image-preview:large","max-video-preview":"max-video-preview:-1"},"canonical":"https:\/\/www.okkf.de\/?page_id=2795","og_locale":"de_DE","og_type":"article","og_title":"Musicalabend 2024 - Oppumer Kleinkunst Festival","og_description":"Der Freitag steht unter dem Titel: \u201cMusicalabend\u201d. Ab 20:00 Uhr startet der erste Teil des Programms. Hier f\u00fchrt der Kinderchor St. Augustinus das biblische Musical \u201eJoseph und seine Br\u00fcder \u201c von Gerd-Peter M\u00fcnden auf. Die&hellip; Musicalabend 2024 weiterlesen","og_url":"https:\/\/www.okkf.de\/?page_id=2795","og_site_name":"Oppumer Kleinkunst Festival","article_publisher":"https:\/\/www.facebook.com\/OppumerKleinkunstfestival\/","article_modified_time":"2024-08-02T23:50:49+00:00","og_image":[{"url":"https:\/\/www.okkf.de\/wp-content\/uploads\/2022\/06\/Musicalabend-Schriftzug-1024x157.png","type":"","width":"","height":""}],"twitter_card":"summary_large_image","twitter_misc":{"Gesch\u00e4tzte Lesezeit":"2\u00a0Minuten"},"schema":{"@context":"https:\/\/schema.org","@graph":[{"@type":"WebPage","@id":"https:\/\/www.okkf.de\/?page_id=2795","url":"https:\/\/www.okkf.de\/?page_id=2795","name":"Musicalabend 2024 - Oppumer Kleinkunst Festival","isPartOf":{"@id":"https:\/\/www.okkf.de\/#website"},"primaryImageOfPage":{"@id":"https:\/\/www.okkf.de\/?page_id=2795#primaryimage"},"image":{"@id":"https:\/\/www.okkf.de\/?page_id=2795#primaryimage"},"thumbnailUrl":"https:\/\/www.okkf.de\/wp-content\/uploads\/2022\/06\/Musicalabend-Schriftzug-1024x157.png","datePublished":"2022-06-19T11:45:00+00:00","dateModified":"2024-08-02T23:50:49+00:00","breadcrumb":{"@id":"https:\/\/www.okkf.de\/?page_id=2795#breadcrumb"},"inLanguage":"de","potentialAction":[{"@type":"ReadAction","target":["https:\/\/www.okkf.de\/?page_id=2795"]}]},{"@type":"ImageObject","inLanguage":"de","@id":"https:\/\/www.okkf.de\/?page_id=2795#primaryimage","url":"https:\/\/www.okkf.de\/wp-content\/uploads\/2022\/06\/Musicalabend-Schriftzug.png","contentUrl":"https:\/\/www.okkf.de\/wp-content\/uploads\/2022\/06\/Musicalabend-Schriftzug.png","width":1524,"height":234},{"@type":"BreadcrumbList","@id":"https:\/\/www.okkf.de\/?page_id=2795#breadcrumb","itemListElement":[{"@type":"ListItem","position":1,"name":"Startseite","item":"https:\/\/www.okkf.de\/"},{"@type":"ListItem","position":2,"name":"Impressum","item":"https:\/\/www.okkf.de\/?page_id=10"},{"@type":"ListItem","position":3,"name":"Musicalabend 2024"}]},{"@type":"WebSite","@id":"https:\/\/www.okkf.de\/#website","url":"https:\/\/www.okkf.de\/","name":"Oppumer Kleinkunst Festival","description":"&quot;Irgendwas ist ja immer&quot;","publisher":{"@id":"https:\/\/www.okkf.de\/#organization"},"potentialAction":[{"@type":"SearchAction","target":{"@type":"EntryPoint","urlTemplate":"https:\/\/www.okkf.de\/?s={search_term_string}"},"query-input":{"@type":"PropertyValueSpecification","valueRequired":true,"valueName":"search_term_string"}}],"inLanguage":"de"},{"@type":"Organization","@id":"https:\/\/www.okkf.de\/#organization","name":"Oppumer Kleinkunstfestival","url":"https:\/\/www.okkf.de\/","logo":{"@type":"ImageObject","inLanguage":"de","@id":"https:\/\/www.okkf.de\/#\/schema\/logo\/image\/","url":"https:\/\/www.okkf.de\/wp-content\/uploads\/2020\/06\/ameise11-1.jpg","contentUrl":"https:\/\/www.okkf.de\/wp-content\/uploads\/2020\/06\/ameise11-1.jpg","width":380,"height":512,"caption":"Oppumer Kleinkunstfestival"},"image":{"@id":"https:\/\/www.okkf.de\/#\/schema\/logo\/image\/"},"sameAs":["https:\/\/www.facebook.com\/OppumerKleinkunstfestival\/","https:\/\/www.youtube.com\/channel\/UCqQSsWm-egXd6EY8tBjH_Aw\/"]}]}},"jetpack_sharing_enabled":true,"_links":{"self":[{"href":"https:\/\/www.okkf.de\/index.php?rest_route=\/wp\/v2\/pages\/2795","targetHints":{"allow":["GET"]}}],"collection":[{"href":"https:\/\/www.okkf.de\/index.php?rest_route=\/wp\/v2\/pages"}],"about":[{"href":"https:\/\/www.okkf.de\/index.php?rest_route=\/wp\/v2\/types\/page"}],"author":[{"embeddable":true,"href":"https:\/\/www.okkf.de\/index.php?rest_route=\/wp\/v2\/users\/1"}],"replies":[{"embeddable":true,"href":"https:\/\/www.okkf.de\/index.php?rest_route=%2Fwp%2Fv2%2Fcomments&post=2795"}],"version-history":[{"count":5,"href":"https:\/\/www.okkf.de\/index.php?rest_route=\/wp\/v2\/pages\/2795\/revisions"}],"predecessor-version":[{"id":3433,"href":"https:\/\/www.okkf.de\/index.php?rest_route=\/wp\/v2\/pages\/2795\/revisions\/3433"}],"up":[{"embeddable":true,"href":"https:\/\/www.okkf.de\/index.php?rest_route=\/wp\/v2\/pages\/10"}],"wp:attachment":[{"href":"https:\/\/www.okkf.de\/index.php?rest_route=%2Fwp%2Fv2%2Fmedia&parent=2795"}],"curies":[{"name":"wp","href":"https:\/\/api.w.org\/{rel}","templated":true}]}}