{"id":2829,"date":"2022-06-26T11:31:09","date_gmt":"2022-06-26T09:31:09","guid":{"rendered":"https:\/\/www.okkf.de\/?page_id=2829"},"modified":"2024-08-16T16:49:12","modified_gmt":"2024-08-16T14:49:12","slug":"karten-bestellen-2022","status":"publish","type":"page","link":"https:\/\/www.okkf.de\/?page_id=2829","title":{"rendered":"Karten Bestellen 2024"},"content":{"rendered":"\n<p><strong>Karten f\u00fcr 2024 nur noch an der Abendkasse<\/strong><\/p>\n\n\n\n<p>Hier k\u00f6nnt ihr Eure Karten f\u00fcr das OKKF 2024 bestellen. Alle Felder mit * m\u00fcssen ausgef\u00fcllt werden. Alternativ k\u00f6nnt ihr auch eine Mail an: karten@okkf.de senden. Das k\u00f6nnt ihr nur mit Angabe eurer Daten und welche Karten ihr in welcher Anzahl bestellen wollt. Weiter Informationen zum Kartenkauf findet ihr hier:<\/p>\n\n\n\n<div class=\"wp-block-buttons is-layout-flex wp-block-buttons-is-layout-flex\">\n<div class=\"wp-block-button is-style-fill\"><a class=\"wp-block-button__link wp-element-button\" href=\"https:\/\/www.okkf.de\/?page_id=2903\" target=\"_blank\" rel=\"noreferrer noopener\">Info Kartenkauf<\/a><\/div>\n<\/div>\n\n\n<div class=\"wpforms-container wpforms-container-full wpforms-block wpforms-block-562c6007-3acf-468c-b2a8-93f3959d7423\" id=\"wpforms-2751\"><form id=\"wpforms-form-2751\" class=\"wpforms-validate wpforms-form wpforms-ajax-form\" data-formid=\"2751\" method=\"post\" enctype=\"multipart\/form-data\" action=\"\/index.php?rest_route=%2Fwp%2Fv2%2Fpages%2F2829\" data-token=\"9139ed647269c565f5b30ea670822019\" data-token-time=\"1776654684\"><noscript class=\"wpforms-error-noscript\">Bitte aktiviere JavaScript in deinem Browser, um dieses Formular fertigzustellen.<\/noscript><div class=\"wpforms-field-container\"><div id=\"wpforms-2751-field_12-container\" class=\"wpforms-field wpforms-field-select wpforms-field-select-style-classic\" data-field-id=\"12\"><label class=\"wpforms-field-label\" for=\"wpforms-2751-field_12\">Anrede <span class=\"wpforms-required-label\">*<\/span><\/label><select id=\"wpforms-2751-field_12\" class=\"wpforms-field-medium wpforms-field-required\" name=\"wpforms[fields][12]\" required=\"required\"><option value=\"Herr\"  class=\"choice-1 depth-1\"  >Herr<\/option><option value=\"Frau\"  class=\"choice-2 depth-1\"  >Frau<\/option><option value=\"Divers\"  class=\"choice-3 depth-1\"  >Divers<\/option><\/select><\/div><div id=\"wpforms-2751-field_11-container\" class=\"wpforms-field wpforms-field-name\" data-field-id=\"11\"><label class=\"wpforms-field-label\">Name <span class=\"wpforms-required-label\">*<\/span><\/label><div class=\"wpforms-field-row wpforms-field-medium\"><div class=\"wpforms-field-row-block wpforms-first wpforms-one-half\"><input type=\"text\" id=\"wpforms-2751-field_11\" class=\"wpforms-field-name-first wpforms-field-required\" name=\"wpforms[fields][11][first]\" required><label for=\"wpforms-2751-field_11\" class=\"wpforms-field-sublabel after\">Vorname<\/label><\/div><div class=\"wpforms-field-row-block wpforms-one-half\"><input type=\"text\" id=\"wpforms-2751-field_11-last\" class=\"wpforms-field-name-last wpforms-field-required\" name=\"wpforms[fields][11][last]\" required><label for=\"wpforms-2751-field_11-last\" class=\"wpforms-field-sublabel after\">Nachname<\/label><\/div><\/div><\/div><div id=\"wpforms-2751-field_3-container\" class=\"wpforms-field wpforms-field-text\" data-field-id=\"3\"><label class=\"wpforms-field-label\" for=\"wpforms-2751-field_3\">Stra\u00dfe und Hausnummer <span class=\"wpforms-required-label\">*<\/span><\/label><input type=\"text\" id=\"wpforms-2751-field_3\" class=\"wpforms-field-medium wpforms-field-required\" name=\"wpforms[fields][3]\" required><\/div><div id=\"wpforms-2751-field_4-container\" class=\"wpforms-field wpforms-field-text\" data-field-id=\"4\"><label class=\"wpforms-field-label\" for=\"wpforms-2751-field_4\">Postleitzahl Stadt <span class=\"wpforms-required-label\">*<\/span><\/label><input type=\"text\" id=\"wpforms-2751-field_4\" class=\"wpforms-field-medium wpforms-field-required\" name=\"wpforms[fields][4]\" required><\/div><div id=\"wpforms-2751-field_6-container\" class=\"wpforms-field wpforms-field-email\" data-field-id=\"6\"><label class=\"wpforms-field-label\" for=\"wpforms-2751-field_6\">E-Mail <span class=\"wpforms-required-label\">*<\/span><\/label><input type=\"email\" id=\"wpforms-2751-field_6\" class=\"wpforms-field-medium wpforms-field-required\" name=\"wpforms[fields][6]\" spellcheck=\"false\" required><\/div><div id=\"wpforms-2751-field_8-container\" class=\"wpforms-field wpforms-field-select wpforms-field-select-style-modern\" data-field-id=\"8\"><label class=\"wpforms-field-label\" for=\"wpforms-2751-field_8\">Welche Karte m\u00f6chten Sie kaufen? <span class=\"wpforms-required-label\">*<\/span><\/label><select id=\"wpforms-2751-field_8\" class=\"wpforms-field-large wpforms-field-required choicesjs-select\" data-size-class=\"wpforms-field-row wpforms-field-large\" data-search-enabled=\"\" name=\"wpforms[fields][8]\" required=\"required\"><option value=\"\" class=\"placeholder\" disabled  selected='selected'><\/option><option value=\"Einzelticket 10 \/ 5 \u20ac\"  class=\"choice-1 depth-1\"  >Einzelticket 10 \/ 5 \u20ac<\/option><option value=\"Bands and Friends 5 \u20ac\"  class=\"choice-4 depth-1\"  >Bands and Friends 5 \u20ac<\/option><option value=\"Familienticket 25 \u20ac\"  class=\"choice-2 depth-1\"  >Familienticket 25 \u20ac<\/option><option value=\"Festival-Abo 25 \/ 12,5 \u20ac\"  class=\"choice-3 depth-1\"  >Festival-Abo 25 \/ 12,5 \u20ac<\/option><\/select><\/div><div id=\"wpforms-2751-field_10-container\" class=\"wpforms-field wpforms-field-radio wpforms-list-inline\" data-field-id=\"10\"><label class=\"wpforms-field-label\">Bitte Veranstaltung ausw\u00e4hlen (anklicken)<\/label><ul id=\"wpforms-2751-field_10\" class=\"wpforms-image-choices wpforms-image-choices-modern\"><li class=\"choice-4 depth-1 wpforms-image-choices-item\"><label class=\"wpforms-field-label-inline\" for=\"wpforms-2751-field_10_4\" tabindex=\"0\"><span class=\"wpforms-image-choices-image\"><img decoding=\"async\" src=\"https:\/\/www.okkf.de\/wp-content\/uploads\/2022\/06\/Bands-and-Friends.png\" alt=\"Bands and Friends 15.08.2024 18 Uhr\" title=\"Bands and Friends 15.08.2024 18 Uhr\"><\/span><input type=\"radio\" id=\"wpforms-2751-field_10_4\" class=\"wpforms-screen-reader-element\" name=\"wpforms[fields][10]\" value=\"Bands and Friends 15.08.2024 18 Uhr\" tabindex=\"-1\"  ><span class=\"wpforms-image-choices-label\">Bands and Friends 15.08.2024 18 Uhr<\/span><\/label><\/li><li class=\"choice-1 depth-1 wpforms-image-choices-item\"><label class=\"wpforms-field-label-inline\" for=\"wpforms-2751-field_10_1\" tabindex=\"0\"><span class=\"wpforms-image-choices-image\"><img decoding=\"async\" src=\"https:\/\/www.okkf.de\/wp-content\/uploads\/2022\/06\/Musicalabend-Schriftzug.png\" alt=\"Musicalabend 16.08.2024 20 Uhr\" title=\"Musicalabend 16.08.2024 20 Uhr\"><\/span><input type=\"radio\" id=\"wpforms-2751-field_10_1\" class=\"wpforms-screen-reader-element\" name=\"wpforms[fields][10]\" value=\"Musicalabend 16.08.2024 20 Uhr\" tabindex=\"-1\"  ><span class=\"wpforms-image-choices-label\">Musicalabend 16.08.2024 20 Uhr<\/span><\/label><\/li><li class=\"choice-2 depth-1 wpforms-image-choices-item\"><label class=\"wpforms-field-label-inline\" for=\"wpforms-2751-field_10_2\" tabindex=\"0\"><span class=\"wpforms-image-choices-image\"><img decoding=\"async\" src=\"https:\/\/www.okkf.de\/wp-content\/uploads\/2024\/07\/Schriftzug-Theaterabend.png\" alt=\"Theatervariationen 17.08.2022 20 Uhr\" title=\"Theatervariationen 17.08.2022 20 Uhr\"><\/span><input type=\"radio\" id=\"wpforms-2751-field_10_2\" class=\"wpforms-screen-reader-element\" name=\"wpforms[fields][10]\" value=\"Theatervariationen 17.08.2022 20 Uhr\" tabindex=\"-1\"  ><span class=\"wpforms-image-choices-label\">Theatervariationen 17.08.2022 20 Uhr<\/span><\/label><\/li><li class=\"choice-3 depth-1 wpforms-image-choices-item\"><label class=\"wpforms-field-label-inline\" for=\"wpforms-2751-field_10_3\" tabindex=\"0\"><span class=\"wpforms-image-choices-image\"><img decoding=\"async\" src=\"https:\/\/www.okkf.de\/wp-content\/uploads\/2022\/06\/Schriftzug-OKKF-Abend.png\" alt=\"15. Oppumer Kleinkunstabend 18.08.2024 20 Uhr\" title=\"15. Oppumer Kleinkunstabend 18.08.2024 20 Uhr\"><\/span><input type=\"radio\" id=\"wpforms-2751-field_10_3\" class=\"wpforms-screen-reader-element\" name=\"wpforms[fields][10]\" value=\"15. Oppumer Kleinkunstabend 18.08.2024 20 Uhr\" tabindex=\"-1\"  ><span class=\"wpforms-image-choices-label\">15. Oppumer Kleinkunstabend 18.08.2024 20 Uhr<\/span><\/label><\/li><\/ul><div class=\"wpforms-field-description\">Angabe nur bei Einzelticket oder Familienticket<\/div><\/div><div id=\"wpforms-2751-field_9-container\" class=\"wpforms-field wpforms-field-number\" data-field-id=\"9\"><label class=\"wpforms-field-label\" for=\"wpforms-2751-field_9\">Anzahl <span class=\"wpforms-required-label\">*<\/span><\/label><input type=\"number\" id=\"wpforms-2751-field_9\" class=\"wpforms-field-medium wpforms-field-required\" name=\"wpforms[fields][9]\" step=\"any\" required><div class=\"wpforms-field-description\">Bitte gib uns die Anzahl der Karten an, die du vorbestellen m\u00f6chtest.<\/div><\/div><div id=\"wpforms-2751-field_14-container\" class=\"wpforms-field wpforms-field-textarea\" data-field-id=\"14\"><label class=\"wpforms-field-label\" for=\"wpforms-2751-field_14\">Willst du uns etwas zu deiner Bestellung mitteilen?<\/label><textarea id=\"wpforms-2751-field_14\" class=\"wpforms-field-medium\" name=\"wpforms[fields][14]\" ><\/textarea><\/div><\/div><!-- .wpforms-field-container --><div class=\"wpforms-submit-container\" ><input type=\"hidden\" name=\"wpforms[id]\" value=\"2751\"><input type=\"hidden\" name=\"page_title\" value=\"\"><input type=\"hidden\" name=\"page_url\" value=\"https:\/\/www.okkf.de\/index.php?rest_route=\/wp\/v2\/pages\/2829\"><input type=\"hidden\" name=\"url_referer\" value=\"\"><button type=\"submit\" name=\"wpforms[submit]\" id=\"wpforms-submit-2751\" class=\"wpforms-submit\" data-alt-text=\"Wird gesendet...\" data-submit-text=\"Bestellung absenden\" aria-live=\"assertive\" value=\"wpforms-submit\">Bestellung absenden<\/button><img loading=\"lazy\" decoding=\"async\" src=\"https:\/\/www.okkf.de\/wp-content\/plugins\/wpforms-lite\/assets\/images\/submit-spin.svg\" class=\"wpforms-submit-spinner\" style=\"display: none;\" width=\"26\" height=\"26\" alt=\"Wird geladen\"><\/div><\/form><\/div>  <!-- .wpforms-container -->","protected":false},"excerpt":{"rendered":"<p>Karten f\u00fcr 2024 nur noch an der Abendkasse Hier k\u00f6nnt ihr Eure Karten f\u00fcr das OKKF 2024 bestellen. Alle Felder mit * m\u00fcssen ausgef\u00fcllt werden. Alternativ k\u00f6nnt ihr auch eine Mail an: karten@okkf.de senden. Das&hellip; <\/p>\n<p><a class=\"more-link\" href=\"https:\/\/www.okkf.de\/?page_id=2829\">Karten Bestellen 2024 weiterlesen<\/a><\/p>\n","protected":false},"author":1,"featured_media":0,"parent":0,"menu_order":0,"comment_status":"closed","ping_status":"closed","template":"","meta":{"footnotes":""},"class_list":["post-2829","page","type-page","status-publish","hentry"],"yoast_head":"<!-- This site is optimized with the Yoast SEO plugin v27.4 - https:\/\/yoast.com\/product\/yoast-seo-wordpress\/ -->\n<title>Karten Bestellen 2024 - Oppumer Kleinkunst Festival<\/title>\n<meta name=\"robots\" content=\"index, follow, max-snippet:-1, max-image-preview:large, max-video-preview:-1\" \/>\n<link rel=\"canonical\" href=\"https:\/\/www.okkf.de\/?page_id=2829\" \/>\n<meta property=\"og:locale\" content=\"de_DE\" \/>\n<meta property=\"og:type\" content=\"article\" \/>\n<meta property=\"og:title\" content=\"Karten Bestellen 2024 - Oppumer Kleinkunst Festival\" \/>\n<meta property=\"og:description\" content=\"Karten f\u00fcr 2024 nur noch an der Abendkasse Hier k\u00f6nnt ihr Eure Karten f\u00fcr das OKKF 2024 bestellen. Alle Felder mit * m\u00fcssen ausgef\u00fcllt werden. Alternativ k\u00f6nnt ihr auch eine Mail an: karten@okkf.de senden. Das&hellip; Karten Bestellen 2024 weiterlesen\" \/>\n<meta property=\"og:url\" content=\"https:\/\/www.okkf.de\/?page_id=2829\" \/>\n<meta property=\"og:site_name\" content=\"Oppumer Kleinkunst Festival\" \/>\n<meta property=\"article:publisher\" content=\"https:\/\/www.facebook.com\/OppumerKleinkunstfestival\/\" \/>\n<meta property=\"article:modified_time\" content=\"2024-08-16T14:49:12+00:00\" \/>\n<meta name=\"twitter:card\" content=\"summary_large_image\" \/>\n<meta name=\"twitter:label1\" content=\"Gesch\u00e4tzte Lesezeit\" \/>\n\t<meta name=\"twitter:data1\" content=\"1\u00a0Minute\" \/>\n<script type=\"application\/ld+json\" class=\"yoast-schema-graph\">{\"@context\":\"https:\\\/\\\/schema.org\",\"@graph\":[{\"@type\":\"WebPage\",\"@id\":\"https:\\\/\\\/www.okkf.de\\\/?page_id=2829\",\"url\":\"https:\\\/\\\/www.okkf.de\\\/?page_id=2829\",\"name\":\"Karten Bestellen 2024 - Oppumer Kleinkunst Festival\",\"isPartOf\":{\"@id\":\"https:\\\/\\\/www.okkf.de\\\/#website\"},\"datePublished\":\"2022-06-26T09:31:09+00:00\",\"dateModified\":\"2024-08-16T14:49:12+00:00\",\"breadcrumb\":{\"@id\":\"https:\\\/\\\/www.okkf.de\\\/?page_id=2829#breadcrumb\"},\"inLanguage\":\"de\",\"potentialAction\":[{\"@type\":\"ReadAction\",\"target\":[\"https:\\\/\\\/www.okkf.de\\\/?page_id=2829\"]}]},{\"@type\":\"BreadcrumbList\",\"@id\":\"https:\\\/\\\/www.okkf.de\\\/?page_id=2829#breadcrumb\",\"itemListElement\":[{\"@type\":\"ListItem\",\"position\":1,\"name\":\"Startseite\",\"item\":\"https:\\\/\\\/www.okkf.de\\\/\"},{\"@type\":\"ListItem\",\"position\":2,\"name\":\"Karten Bestellen 2024\"}]},{\"@type\":\"WebSite\",\"@id\":\"https:\\\/\\\/www.okkf.de\\\/#website\",\"url\":\"https:\\\/\\\/www.okkf.de\\\/\",\"name\":\"Oppumer Kleinkunst Festival\",\"description\":\"&quot;Irgendwas ist ja immer&quot;\",\"publisher\":{\"@id\":\"https:\\\/\\\/www.okkf.de\\\/#organization\"},\"potentialAction\":[{\"@type\":\"SearchAction\",\"target\":{\"@type\":\"EntryPoint\",\"urlTemplate\":\"https:\\\/\\\/www.okkf.de\\\/?s={search_term_string}\"},\"query-input\":{\"@type\":\"PropertyValueSpecification\",\"valueRequired\":true,\"valueName\":\"search_term_string\"}}],\"inLanguage\":\"de\"},{\"@type\":\"Organization\",\"@id\":\"https:\\\/\\\/www.okkf.de\\\/#organization\",\"name\":\"Oppumer Kleinkunstfestival\",\"url\":\"https:\\\/\\\/www.okkf.de\\\/\",\"logo\":{\"@type\":\"ImageObject\",\"inLanguage\":\"de\",\"@id\":\"https:\\\/\\\/www.okkf.de\\\/#\\\/schema\\\/logo\\\/image\\\/\",\"url\":\"https:\\\/\\\/www.okkf.de\\\/wp-content\\\/uploads\\\/2020\\\/06\\\/ameise11-1.jpg\",\"contentUrl\":\"https:\\\/\\\/www.okkf.de\\\/wp-content\\\/uploads\\\/2020\\\/06\\\/ameise11-1.jpg\",\"width\":380,\"height\":512,\"caption\":\"Oppumer Kleinkunstfestival\"},\"image\":{\"@id\":\"https:\\\/\\\/www.okkf.de\\\/#\\\/schema\\\/logo\\\/image\\\/\"},\"sameAs\":[\"https:\\\/\\\/www.facebook.com\\\/OppumerKleinkunstfestival\\\/\",\"https:\\\/\\\/www.youtube.com\\\/channel\\\/UCqQSsWm-egXd6EY8tBjH_Aw\\\/\"]}]}<\/script>\n<!-- \/ Yoast SEO plugin. -->","yoast_head_json":{"title":"Karten Bestellen 2024 - Oppumer Kleinkunst Festival","robots":{"index":"index","follow":"follow","max-snippet":"max-snippet:-1","max-image-preview":"max-image-preview:large","max-video-preview":"max-video-preview:-1"},"canonical":"https:\/\/www.okkf.de\/?page_id=2829","og_locale":"de_DE","og_type":"article","og_title":"Karten Bestellen 2024 - Oppumer Kleinkunst Festival","og_description":"Karten f\u00fcr 2024 nur noch an der Abendkasse Hier k\u00f6nnt ihr Eure Karten f\u00fcr das OKKF 2024 bestellen. Alle Felder mit * m\u00fcssen ausgef\u00fcllt werden. Alternativ k\u00f6nnt ihr auch eine Mail an: karten@okkf.de senden. Das&hellip; Karten Bestellen 2024 weiterlesen","og_url":"https:\/\/www.okkf.de\/?page_id=2829","og_site_name":"Oppumer Kleinkunst Festival","article_publisher":"https:\/\/www.facebook.com\/OppumerKleinkunstfestival\/","article_modified_time":"2024-08-16T14:49:12+00:00","twitter_card":"summary_large_image","twitter_misc":{"Gesch\u00e4tzte Lesezeit":"1\u00a0Minute"},"schema":{"@context":"https:\/\/schema.org","@graph":[{"@type":"WebPage","@id":"https:\/\/www.okkf.de\/?page_id=2829","url":"https:\/\/www.okkf.de\/?page_id=2829","name":"Karten Bestellen 2024 - Oppumer Kleinkunst Festival","isPartOf":{"@id":"https:\/\/www.okkf.de\/#website"},"datePublished":"2022-06-26T09:31:09+00:00","dateModified":"2024-08-16T14:49:12+00:00","breadcrumb":{"@id":"https:\/\/www.okkf.de\/?page_id=2829#breadcrumb"},"inLanguage":"de","potentialAction":[{"@type":"ReadAction","target":["https:\/\/www.okkf.de\/?page_id=2829"]}]},{"@type":"BreadcrumbList","@id":"https:\/\/www.okkf.de\/?page_id=2829#breadcrumb","itemListElement":[{"@type":"ListItem","position":1,"name":"Startseite","item":"https:\/\/www.okkf.de\/"},{"@type":"ListItem","position":2,"name":"Karten Bestellen 2024"}]},{"@type":"WebSite","@id":"https:\/\/www.okkf.de\/#website","url":"https:\/\/www.okkf.de\/","name":"Oppumer Kleinkunst Festival","description":"&quot;Irgendwas ist ja immer&quot;","publisher":{"@id":"https:\/\/www.okkf.de\/#organization"},"potentialAction":[{"@type":"SearchAction","target":{"@type":"EntryPoint","urlTemplate":"https:\/\/www.okkf.de\/?s={search_term_string}"},"query-input":{"@type":"PropertyValueSpecification","valueRequired":true,"valueName":"search_term_string"}}],"inLanguage":"de"},{"@type":"Organization","@id":"https:\/\/www.okkf.de\/#organization","name":"Oppumer Kleinkunstfestival","url":"https:\/\/www.okkf.de\/","logo":{"@type":"ImageObject","inLanguage":"de","@id":"https:\/\/www.okkf.de\/#\/schema\/logo\/image\/","url":"https:\/\/www.okkf.de\/wp-content\/uploads\/2020\/06\/ameise11-1.jpg","contentUrl":"https:\/\/www.okkf.de\/wp-content\/uploads\/2020\/06\/ameise11-1.jpg","width":380,"height":512,"caption":"Oppumer Kleinkunstfestival"},"image":{"@id":"https:\/\/www.okkf.de\/#\/schema\/logo\/image\/"},"sameAs":["https:\/\/www.facebook.com\/OppumerKleinkunstfestival\/","https:\/\/www.youtube.com\/channel\/UCqQSsWm-egXd6EY8tBjH_Aw\/"]}]}},"jetpack_sharing_enabled":true,"_links":{"self":[{"href":"https:\/\/www.okkf.de\/index.php?rest_route=\/wp\/v2\/pages\/2829","targetHints":{"allow":["GET"]}}],"collection":[{"href":"https:\/\/www.okkf.de\/index.php?rest_route=\/wp\/v2\/pages"}],"about":[{"href":"https:\/\/www.okkf.de\/index.php?rest_route=\/wp\/v2\/types\/page"}],"author":[{"embeddable":true,"href":"https:\/\/www.okkf.de\/index.php?rest_route=\/wp\/v2\/users\/1"}],"replies":[{"embeddable":true,"href":"https:\/\/www.okkf.de\/index.php?rest_route=%2Fwp%2Fv2%2Fcomments&post=2829"}],"version-history":[{"count":6,"href":"https:\/\/www.okkf.de\/index.php?rest_route=\/wp\/v2\/pages\/2829\/revisions"}],"predecessor-version":[{"id":3472,"href":"https:\/\/www.okkf.de\/index.php?rest_route=\/wp\/v2\/pages\/2829\/revisions\/3472"}],"wp:attachment":[{"href":"https:\/\/www.okkf.de\/index.php?rest_route=%2Fwp%2Fv2%2Fmedia&parent=2829"}],"curies":[{"name":"wp","href":"https:\/\/api.w.org\/{rel}","templated":true}]}}