{"id":2849,"date":"2022-06-28T23:29:06","date_gmt":"2022-06-28T21:29:06","guid":{"rendered":"https:\/\/www.okkf.de\/?page_id=2849"},"modified":"2024-07-16T00:42:58","modified_gmt":"2024-07-15T22:42:58","slug":"pressebereich","status":"publish","type":"page","link":"https:\/\/www.okkf.de\/?page_id=2849","title":{"rendered":"Pressebereich"},"content":{"rendered":"\n<p>Sehr geehrte Pressevertreter*innen,<\/p>\n\n\n\n<p>immer wieder kommt es vor, das die Redaktionen f\u00fcr einen Bericht Bilder oder Informationen aus den eigenen Archiv nehmen. Dabei kam es immer wieder zu Irritationen. Unter anderem, das K\u00fcnstler abgebildet wurden, die nicht beim Oppumer Kleinkunstfestival auftreten oder Informationen ver\u00f6ffentlicht wurden, die schon \u00fcberaltert sind. Wir bitten sie daher, bei eventuellen R\u00fcckfragen uns zu kontaktieren oder sich aus Bildern von dieser Seite zu bedienen. Wir stellen hier Regelm\u00e4\u00dfig Presseinformationen und Bilder f\u00fcr ihre freie Benutzung zur Verf\u00fcgung.<\/p>\n\n\n\n<p>Akkreditierungs-, Interview und \/ oder Informationsanfragen stellen sie bitte per Mail an: presse@okkf.de. oder nutzen sie das unten stehende Formular. Wir beantworten ihre Fragen und Anliegen schnellstens.<\/p>\n\n\n\n<div class=\"wp-block-columns is-layout-flex wp-container-core-columns-is-layout-9d6595d7 wp-block-columns-is-layout-flex\">\n<div class=\"wp-block-column is-layout-flow wp-block-column-is-layout-flow\"><aside\n\tclass=\"download-box\">\n\n\t<img loading=\"lazy\" decoding=\"async\" width=\"1191\" height=\"1684\" src=\"https:\/\/www.okkf.de\/wp-content\/uploads\/2024\/07\/OKKF_2024__Plakat_Entwurf_5.jpg\" class=\"attachment-full size-full wp-post-image\" alt=\"\" \/>\n\t<div\n\t\tclass=\"download-count\">463 Downloads<\/div>\n\n\t<div\n\t\tclass=\"download-box-content\">\n\n\t\t<h1>Plakat Oppumer Kleinkunstfestival<\/h1>\n\n\t\t\t\t\t\t<a  data-e-Disable-Page-Transition=\"true\" class=\"download-link download-button\" title=\"\" href=\"https:\/\/www.okkf.de?download=3356&amp;tmstv=1776466262\" rel=\"nofollow\" id=\"download-link-3356\" data-redirect=\"false\" >\n\t\t\tDatei herunterladen\t\t\t<small>OKKF_2024__Plakat_Entwurf_5.jpg\t\t\t\t&ndash; 323,38 KB<\/small>\n\t\t<\/a>\n\t\t\t<\/div>\n<\/aside>\n\n\n<\/div>\n\n\n\n<div class=\"wp-block-column is-vertically-aligned-top is-layout-flow wp-block-column-is-layout-flow\"><aside\n\tclass=\"download-box\">\n\n\t<img loading=\"lazy\" decoding=\"async\" width=\"2560\" height=\"1707\" src=\"https:\/\/www.okkf.de\/wp-content\/uploads\/2024\/07\/news-scaled.jpg\" class=\"attachment-full size-full wp-post-image\" alt=\"\" \/>\n\t<div\n\t\tclass=\"download-count\">453 Downloads<\/div>\n\n\t<div\n\t\tclass=\"download-box-content\">\n\n\t\t<h1>Pressemitteilung: Das 15. Oppumer Kleinkunstfestival steht vor der T\u00fcr<\/h1>\n\n\t\t\t\t\t\t<a  data-e-Disable-Page-Transition=\"true\" class=\"download-link download-button\" title=\"\" href=\"https:\/\/www.okkf.de?download=3397&amp;tmstv=1776466262\" rel=\"nofollow\" id=\"download-link-3397\" data-redirect=\"false\" >\n\t\t\tDatei herunterladen\t\t\t<small>Pressemittteilung-OKKF-07.2024.docx\t\t\t\t&ndash; 15,41 KB<\/small>\n\t\t<\/a>\n\t\t\t<\/div>\n<\/aside>\n\n\n<\/div>\n<\/div>\n\n\n\n<div class=\"wp-block-columns is-layout-flex wp-container-core-columns-is-layout-9d6595d7 wp-block-columns-is-layout-flex\">\n<div class=\"wp-block-column is-layout-flow wp-block-column-is-layout-flow\"><aside\n\tclass=\"download-box\">\n\n\t<img loading=\"lazy\" decoding=\"async\" width=\"1191\" height=\"420\" src=\"https:\/\/www.okkf.de\/wp-content\/uploads\/2024\/07\/OKKF_2024__Programmheft_Entwurf_5_C.jpg\" class=\"attachment-full size-full wp-post-image\" alt=\"\" \/>\n\t<div\n\t\tclass=\"download-count\">440 Downloads<\/div>\n\n\t<div\n\t\tclass=\"download-box-content\">\n\n\t\t<h1>Programm 2024<\/h1>\n\n\t\t\t\t\t\t<a  data-e-Disable-Page-Transition=\"true\" class=\"download-link download-button\" title=\"\" href=\"https:\/\/www.okkf.de?download=3360&amp;tmstv=1776466262\" rel=\"nofollow\" id=\"download-link-3360\" data-redirect=\"false\" >\n\t\t\tDatei herunterladen\t\t\t<small>OKKF_2024__Programmheft_Entwurf_5_C.jpg\t\t\t\t&ndash; 242,98 KB<\/small>\n\t\t<\/a>\n\t\t\t<\/div>\n<\/aside>\n\n\n<\/div>\n\n\n\n<div class=\"wp-block-column is-layout-flow wp-block-column-is-layout-flow\"><aside\n\tclass=\"download-box\">\n\n\t<img loading=\"lazy\" decoding=\"async\" width=\"2560\" height=\"1920\" src=\"https:\/\/www.okkf.de\/wp-content\/uploads\/2022\/06\/2018-OKKF-26-So-015-scaled.jpg\" class=\"attachment-full size-full wp-post-image\" alt=\"\" \/>\n\t<div\n\t\tclass=\"download-count\">460 Downloads<\/div>\n\n\t<div\n\t\tclass=\"download-box-content\">\n\n\t\t<h1>Pink Propellers beim OKKF<\/h1>\n\n\t\t<p>Die Pink Propellers beim OKKF<\/p>\n\t\t\t\t<a  data-e-Disable-Page-Transition=\"true\" class=\"download-link download-button\" title=\"\" href=\"https:\/\/www.okkf.de?download=2866&amp;tmstv=1776466262\" rel=\"nofollow\" id=\"download-link-2866\" data-redirect=\"false\" >\n\t\t\tDatei herunterladen\t\t\t<small>2018-OKKF-26-So-015-scaled.jpg\t\t\t\t&ndash; 694,16 KB<\/small>\n\t\t<\/a>\n\t\t\t<\/div>\n<\/aside>\n\n\n<\/div>\n<\/div>\n\n\n<div class=\"wpforms-container wpforms-container-full wpforms-block wpforms-block-c1a7b18e-56ab-4490-a20d-ae03531de442\" id=\"wpforms-2853\"><form id=\"wpforms-form-2853\" class=\"wpforms-validate wpforms-form wpforms-ajax-form\" data-formid=\"2853\" method=\"post\" enctype=\"multipart\/form-data\" action=\"\/index.php?rest_route=%2Fwp%2Fv2%2Fpages%2F2849\" data-token=\"8cb66e51d551e067b6501e67ad7a1adf\" data-token-time=\"1776466262\"><noscript class=\"wpforms-error-noscript\">Bitte aktiviere JavaScript in deinem Browser, um dieses Formular fertigzustellen.<\/noscript><div class=\"wpforms-field-container\"><div id=\"wpforms-2853-field_5-container\" class=\"wpforms-field wpforms-field-text\" data-field-id=\"5\"><label class=\"wpforms-field-label\" for=\"wpforms-2853-field_5\">Name der Presse <span class=\"wpforms-required-label\">*<\/span><\/label><input type=\"text\" id=\"wpforms-2853-field_5\" class=\"wpforms-field-medium wpforms-field-required\" name=\"wpforms[fields][5]\" required><div class=\"wpforms-field-description\">Bitte teilen sie uns kurz mit, f\u00fcr welche Unternehemn sie uns kontaktieren.<\/div><\/div><div id=\"wpforms-2853-field_9-container\" class=\"wpforms-field wpforms-field-select wpforms-field-select-style-classic\" data-field-id=\"9\"><label class=\"wpforms-field-label\" for=\"wpforms-2853-field_9\">Geschecht <span class=\"wpforms-required-label\">*<\/span><\/label><select id=\"wpforms-2853-field_9\" class=\"wpforms-field-medium wpforms-field-required\" name=\"wpforms[fields][9]\" required=\"required\"><option value=\"Herr\"  class=\"choice-1 depth-1\"  >Herr<\/option><option value=\"Frau\"  class=\"choice-2 depth-1\"  >Frau<\/option><option value=\"Divers\"  class=\"choice-3 depth-1\"  >Divers<\/option><\/select><\/div><div id=\"wpforms-2853-field_2-container\" class=\"wpforms-field wpforms-field-name\" data-field-id=\"2\"><label class=\"wpforms-field-label\">Name <span class=\"wpforms-required-label\">*<\/span><\/label><div class=\"wpforms-field-row wpforms-field-medium\"><div class=\"wpforms-field-row-block wpforms-first wpforms-one-half\"><input type=\"text\" id=\"wpforms-2853-field_2\" class=\"wpforms-field-name-first wpforms-field-required\" name=\"wpforms[fields][2][first]\" required><label for=\"wpforms-2853-field_2\" class=\"wpforms-field-sublabel after\">Vorname<\/label><\/div><div class=\"wpforms-field-row-block wpforms-one-half\"><input type=\"text\" id=\"wpforms-2853-field_2-last\" class=\"wpforms-field-name-last wpforms-field-required\" name=\"wpforms[fields][2][last]\" required><label for=\"wpforms-2853-field_2-last\" class=\"wpforms-field-sublabel after\">Nachname<\/label><\/div><\/div><\/div><div id=\"wpforms-2853-field_3-container\" class=\"wpforms-field wpforms-field-checkbox wpforms-list-2-columns\" data-field-id=\"3\"><label class=\"wpforms-field-label\">Medium <span class=\"wpforms-required-label\">*<\/span><\/label><ul id=\"wpforms-2853-field_3\" class=\"wpforms-field-required\" data-choice-limit=\"1\"><li class=\"choice-1 depth-1\"><input type=\"checkbox\" id=\"wpforms-2853-field_3_1\" data-rule-check-limit=\"true\" name=\"wpforms[fields][3][]\" value=\"Zeitung\" required ><label class=\"wpforms-field-label-inline\" for=\"wpforms-2853-field_3_1\">Zeitung<\/label><\/li><li class=\"choice-2 depth-1\"><input type=\"checkbox\" id=\"wpforms-2853-field_3_2\" data-rule-check-limit=\"true\" name=\"wpforms[fields][3][]\" value=\"Radio\" required ><label class=\"wpforms-field-label-inline\" for=\"wpforms-2853-field_3_2\">Radio<\/label><\/li><li class=\"choice-3 depth-1\"><input type=\"checkbox\" id=\"wpforms-2853-field_3_3\" data-rule-check-limit=\"true\" name=\"wpforms[fields][3][]\" value=\"Fernsehen\" required ><label class=\"wpforms-field-label-inline\" for=\"wpforms-2853-field_3_3\">Fernsehen<\/label><\/li><li class=\"choice-4 depth-1\"><input type=\"checkbox\" id=\"wpforms-2853-field_3_4\" data-rule-check-limit=\"true\" name=\"wpforms[fields][3][]\" value=\"Internet\" required ><label class=\"wpforms-field-label-inline\" for=\"wpforms-2853-field_3_4\">Internet<\/label><\/li><li class=\"choice-5 depth-1\"><input type=\"checkbox\" id=\"wpforms-2853-field_3_5\" data-rule-check-limit=\"true\" name=\"wpforms[fields][3][]\" value=\"sonstiges\" required ><label class=\"wpforms-field-label-inline\" for=\"wpforms-2853-field_3_5\">sonstiges<\/label><\/li><\/ul><div class=\"wpforms-field-description\">Bitte klicken sie, das zutreffende Medium, was zu ihnen passt an.<\/div><\/div><div id=\"wpforms-2853-field_6-container\" class=\"wpforms-field wpforms-field-email\" data-field-id=\"6\"><label class=\"wpforms-field-label\" for=\"wpforms-2853-field_6\">E-Mail <span class=\"wpforms-required-label\">*<\/span><\/label><input type=\"email\" id=\"wpforms-2853-field_6\" class=\"wpforms-field-medium wpforms-field-required\" name=\"wpforms[fields][6]\" spellcheck=\"false\" required><\/div><div id=\"wpforms-2853-field_7-container\" class=\"wpforms-field wpforms-field-text\" data-field-id=\"7\"><label class=\"wpforms-field-label\" for=\"wpforms-2853-field_7\">Teefonnummer <span class=\"wpforms-required-label\">*<\/span><\/label><input type=\"text\" id=\"wpforms-2853-field_7\" class=\"wpforms-field-medium wpforms-field-required\" name=\"wpforms[fields][7]\" required><div class=\"wpforms-field-description\">Ihre Telefonnummer f\u00fcr eventuelle R\u00fcckfragen<\/div><\/div><div id=\"wpforms-2853-field_8-container\" class=\"wpforms-field wpforms-field-textarea\" data-field-id=\"8\"><label class=\"wpforms-field-label\" for=\"wpforms-2853-field_8\">Ihre Nachricht an uns. <span class=\"wpforms-required-label\">*<\/span><\/label><textarea id=\"wpforms-2853-field_8\" class=\"wpforms-field-large wpforms-field-required\" name=\"wpforms[fields][8]\" required><\/textarea><\/div><\/div><!-- .wpforms-field-container --><div class=\"wpforms-submit-container\" ><input type=\"hidden\" name=\"wpforms[id]\" value=\"2853\"><input type=\"hidden\" name=\"page_title\" value=\"\"><input type=\"hidden\" name=\"page_url\" value=\"https:\/\/www.okkf.de\/index.php?rest_route=\/wp\/v2\/pages\/2849\"><input type=\"hidden\" name=\"url_referer\" value=\"\"><button type=\"submit\" name=\"wpforms[submit]\" id=\"wpforms-submit-2853\" class=\"wpforms-submit\" data-alt-text=\"Senden\u2026\" data-submit-text=\"Absenden\" aria-live=\"assertive\" value=\"wpforms-submit\">Absenden<\/button><img loading=\"lazy\" decoding=\"async\" src=\"https:\/\/www.okkf.de\/wp-content\/plugins\/wpforms-lite\/assets\/images\/submit-spin.svg\" class=\"wpforms-submit-spinner\" style=\"display: none;\" width=\"26\" height=\"26\" alt=\"Wird geladen\"><\/div><\/form><\/div>  <!-- .wpforms-container -->","protected":false},"excerpt":{"rendered":"<p>Sehr geehrte Pressevertreter*innen, immer wieder kommt es vor, das die Redaktionen f\u00fcr einen Bericht Bilder oder Informationen aus den eigenen Archiv nehmen. Dabei kam es immer wieder zu Irritationen. Unter anderem, das K\u00fcnstler abgebildet wurden,&hellip; <\/p>\n<p><a class=\"more-link\" href=\"https:\/\/www.okkf.de\/?page_id=2849\">Pressebereich weiterlesen<\/a><\/p>\n","protected":false},"author":1,"featured_media":0,"parent":0,"menu_order":0,"comment_status":"closed","ping_status":"closed","template":"","meta":{"footnotes":""},"class_list":["post-2849","page","type-page","status-publish","hentry"],"yoast_head":"<!-- This site is optimized with the Yoast SEO plugin v27.4 - https:\/\/yoast.com\/product\/yoast-seo-wordpress\/ -->\n<title>Pressebereich - Oppumer Kleinkunst Festival<\/title>\n<meta name=\"robots\" content=\"index, follow, max-snippet:-1, max-image-preview:large, max-video-preview:-1\" \/>\n<link rel=\"canonical\" href=\"https:\/\/www.okkf.de\/?page_id=2849\" \/>\n<meta property=\"og:locale\" content=\"de_DE\" \/>\n<meta property=\"og:type\" content=\"article\" \/>\n<meta property=\"og:title\" content=\"Pressebereich - Oppumer Kleinkunst Festival\" \/>\n<meta property=\"og:description\" content=\"Sehr geehrte Pressevertreter*innen, immer wieder kommt es vor, das die Redaktionen f\u00fcr einen Bericht Bilder oder Informationen aus den eigenen Archiv nehmen. Dabei kam es immer wieder zu Irritationen. Unter anderem, das K\u00fcnstler abgebildet wurden,&hellip; Pressebereich weiterlesen\" \/>\n<meta property=\"og:url\" content=\"https:\/\/www.okkf.de\/?page_id=2849\" \/>\n<meta property=\"og:site_name\" content=\"Oppumer Kleinkunst Festival\" \/>\n<meta property=\"article:publisher\" content=\"https:\/\/www.facebook.com\/OppumerKleinkunstfestival\/\" \/>\n<meta property=\"article:modified_time\" content=\"2024-07-15T22:42:58+00:00\" \/>\n<meta name=\"twitter:card\" content=\"summary_large_image\" \/>\n<meta name=\"twitter:label1\" content=\"Gesch\u00e4tzte Lesezeit\" \/>\n\t<meta name=\"twitter:data1\" content=\"1\u00a0Minute\" \/>\n<script type=\"application\/ld+json\" class=\"yoast-schema-graph\">{\"@context\":\"https:\\\/\\\/schema.org\",\"@graph\":[{\"@type\":\"WebPage\",\"@id\":\"https:\\\/\\\/www.okkf.de\\\/?page_id=2849\",\"url\":\"https:\\\/\\\/www.okkf.de\\\/?page_id=2849\",\"name\":\"Pressebereich - Oppumer Kleinkunst Festival\",\"isPartOf\":{\"@id\":\"https:\\\/\\\/www.okkf.de\\\/#website\"},\"datePublished\":\"2022-06-28T21:29:06+00:00\",\"dateModified\":\"2024-07-15T22:42:58+00:00\",\"breadcrumb\":{\"@id\":\"https:\\\/\\\/www.okkf.de\\\/?page_id=2849#breadcrumb\"},\"inLanguage\":\"de\",\"potentialAction\":[{\"@type\":\"ReadAction\",\"target\":[\"https:\\\/\\\/www.okkf.de\\\/?page_id=2849\"]}]},{\"@type\":\"BreadcrumbList\",\"@id\":\"https:\\\/\\\/www.okkf.de\\\/?page_id=2849#breadcrumb\",\"itemListElement\":[{\"@type\":\"ListItem\",\"position\":1,\"name\":\"Startseite\",\"item\":\"https:\\\/\\\/www.okkf.de\\\/\"},{\"@type\":\"ListItem\",\"position\":2,\"name\":\"Pressebereich\"}]},{\"@type\":\"WebSite\",\"@id\":\"https:\\\/\\\/www.okkf.de\\\/#website\",\"url\":\"https:\\\/\\\/www.okkf.de\\\/\",\"name\":\"Oppumer Kleinkunst Festival\",\"description\":\"&quot;Irgendwas ist ja immer&quot;\",\"publisher\":{\"@id\":\"https:\\\/\\\/www.okkf.de\\\/#organization\"},\"potentialAction\":[{\"@type\":\"SearchAction\",\"target\":{\"@type\":\"EntryPoint\",\"urlTemplate\":\"https:\\\/\\\/www.okkf.de\\\/?s={search_term_string}\"},\"query-input\":{\"@type\":\"PropertyValueSpecification\",\"valueRequired\":true,\"valueName\":\"search_term_string\"}}],\"inLanguage\":\"de\"},{\"@type\":\"Organization\",\"@id\":\"https:\\\/\\\/www.okkf.de\\\/#organization\",\"name\":\"Oppumer Kleinkunstfestival\",\"url\":\"https:\\\/\\\/www.okkf.de\\\/\",\"logo\":{\"@type\":\"ImageObject\",\"inLanguage\":\"de\",\"@id\":\"https:\\\/\\\/www.okkf.de\\\/#\\\/schema\\\/logo\\\/image\\\/\",\"url\":\"https:\\\/\\\/www.okkf.de\\\/wp-content\\\/uploads\\\/2020\\\/06\\\/ameise11-1.jpg\",\"contentUrl\":\"https:\\\/\\\/www.okkf.de\\\/wp-content\\\/uploads\\\/2020\\\/06\\\/ameise11-1.jpg\",\"width\":380,\"height\":512,\"caption\":\"Oppumer Kleinkunstfestival\"},\"image\":{\"@id\":\"https:\\\/\\\/www.okkf.de\\\/#\\\/schema\\\/logo\\\/image\\\/\"},\"sameAs\":[\"https:\\\/\\\/www.facebook.com\\\/OppumerKleinkunstfestival\\\/\",\"https:\\\/\\\/www.youtube.com\\\/channel\\\/UCqQSsWm-egXd6EY8tBjH_Aw\\\/\"]}]}<\/script>\n<!-- \/ Yoast SEO plugin. -->","yoast_head_json":{"title":"Pressebereich - Oppumer Kleinkunst Festival","robots":{"index":"index","follow":"follow","max-snippet":"max-snippet:-1","max-image-preview":"max-image-preview:large","max-video-preview":"max-video-preview:-1"},"canonical":"https:\/\/www.okkf.de\/?page_id=2849","og_locale":"de_DE","og_type":"article","og_title":"Pressebereich - Oppumer Kleinkunst Festival","og_description":"Sehr geehrte Pressevertreter*innen, immer wieder kommt es vor, das die Redaktionen f\u00fcr einen Bericht Bilder oder Informationen aus den eigenen Archiv nehmen. Dabei kam es immer wieder zu Irritationen. Unter anderem, das K\u00fcnstler abgebildet wurden,&hellip; Pressebereich weiterlesen","og_url":"https:\/\/www.okkf.de\/?page_id=2849","og_site_name":"Oppumer Kleinkunst Festival","article_publisher":"https:\/\/www.facebook.com\/OppumerKleinkunstfestival\/","article_modified_time":"2024-07-15T22:42:58+00:00","twitter_card":"summary_large_image","twitter_misc":{"Gesch\u00e4tzte Lesezeit":"1\u00a0Minute"},"schema":{"@context":"https:\/\/schema.org","@graph":[{"@type":"WebPage","@id":"https:\/\/www.okkf.de\/?page_id=2849","url":"https:\/\/www.okkf.de\/?page_id=2849","name":"Pressebereich - Oppumer Kleinkunst Festival","isPartOf":{"@id":"https:\/\/www.okkf.de\/#website"},"datePublished":"2022-06-28T21:29:06+00:00","dateModified":"2024-07-15T22:42:58+00:00","breadcrumb":{"@id":"https:\/\/www.okkf.de\/?page_id=2849#breadcrumb"},"inLanguage":"de","potentialAction":[{"@type":"ReadAction","target":["https:\/\/www.okkf.de\/?page_id=2849"]}]},{"@type":"BreadcrumbList","@id":"https:\/\/www.okkf.de\/?page_id=2849#breadcrumb","itemListElement":[{"@type":"ListItem","position":1,"name":"Startseite","item":"https:\/\/www.okkf.de\/"},{"@type":"ListItem","position":2,"name":"Pressebereich"}]},{"@type":"WebSite","@id":"https:\/\/www.okkf.de\/#website","url":"https:\/\/www.okkf.de\/","name":"Oppumer Kleinkunst Festival","description":"&quot;Irgendwas ist ja immer&quot;","publisher":{"@id":"https:\/\/www.okkf.de\/#organization"},"potentialAction":[{"@type":"SearchAction","target":{"@type":"EntryPoint","urlTemplate":"https:\/\/www.okkf.de\/?s={search_term_string}"},"query-input":{"@type":"PropertyValueSpecification","valueRequired":true,"valueName":"search_term_string"}}],"inLanguage":"de"},{"@type":"Organization","@id":"https:\/\/www.okkf.de\/#organization","name":"Oppumer Kleinkunstfestival","url":"https:\/\/www.okkf.de\/","logo":{"@type":"ImageObject","inLanguage":"de","@id":"https:\/\/www.okkf.de\/#\/schema\/logo\/image\/","url":"https:\/\/www.okkf.de\/wp-content\/uploads\/2020\/06\/ameise11-1.jpg","contentUrl":"https:\/\/www.okkf.de\/wp-content\/uploads\/2020\/06\/ameise11-1.jpg","width":380,"height":512,"caption":"Oppumer Kleinkunstfestival"},"image":{"@id":"https:\/\/www.okkf.de\/#\/schema\/logo\/image\/"},"sameAs":["https:\/\/www.facebook.com\/OppumerKleinkunstfestival\/","https:\/\/www.youtube.com\/channel\/UCqQSsWm-egXd6EY8tBjH_Aw\/"]}]}},"jetpack_sharing_enabled":true,"_links":{"self":[{"href":"https:\/\/www.okkf.de\/index.php?rest_route=\/wp\/v2\/pages\/2849","targetHints":{"allow":["GET"]}}],"collection":[{"href":"https:\/\/www.okkf.de\/index.php?rest_route=\/wp\/v2\/pages"}],"about":[{"href":"https:\/\/www.okkf.de\/index.php?rest_route=\/wp\/v2\/types\/page"}],"author":[{"embeddable":true,"href":"https:\/\/www.okkf.de\/index.php?rest_route=\/wp\/v2\/users\/1"}],"replies":[{"embeddable":true,"href":"https:\/\/www.okkf.de\/index.php?rest_route=%2Fwp%2Fv2%2Fcomments&post=2849"}],"version-history":[{"count":18,"href":"https:\/\/www.okkf.de\/index.php?rest_route=\/wp\/v2\/pages\/2849\/revisions"}],"predecessor-version":[{"id":3406,"href":"https:\/\/www.okkf.de\/index.php?rest_route=\/wp\/v2\/pages\/2849\/revisions\/3406"}],"wp:attachment":[{"href":"https:\/\/www.okkf.de\/index.php?rest_route=%2Fwp%2Fv2%2Fmedia&parent=2849"}],"curies":[{"name":"wp","href":"https:\/\/api.w.org\/{rel}","templated":true}]}}