{"id":2903,"date":"2022-07-02T19:49:08","date_gmt":"2022-07-02T17:49:08","guid":{"rendered":"https:\/\/www.okkf.de\/?page_id=2903"},"modified":"2026-05-10T15:59:34","modified_gmt":"2026-05-10T13:59:34","slug":"information-kartenkauf-okkf","status":"publish","type":"page","link":"https:\/\/www.okkf.de\/?page_id=2903","title":{"rendered":"Information Kartenkauf OKKF"},"content":{"rendered":"\n<p style=\"font-size:25px\"><strong>Ticketinfo<\/strong><\/p>\n\n\n\n<p>Tickets k\u00f6nnen bis einschlie\u00dflich 26.08.2024, unter <a href=\"https:\/\/www.okkf.de\/?page_id=2829\" type=\"link\" id=\"https:\/\/www.karten.okkf,de\" target=\"_blank\" rel=\"noreferrer noopener\">https:\/\/www.karten.okkf.de<\/a> oder per E-Mail <a href=\"mailto:karten@okkf.de\">karten@okkf.de<\/a> reserviert werden. Ab den 27.08.2024 nur noch an der Abendkasse am Festivalgel\u00e4nde gekauft werden.<\/p>\n\n\n\n<p style=\"font-size:25px\"><br><strong>Zahlung und Versand<\/strong><\/p>\n\n\n\n<p>Die Zahlung erfolgt Bar bei Abholung an der Abendkasse. <strong>Ein Versand findet nicht statt<\/strong>. Reservierte Karten m\u00fcssen bis sp\u00e4testens 15 Minuten vor dem jeweiligen Programmbeginn abgeholt werden ansonsten gehen die Karten wieder in den freien Verkauf.<\/p>\n\n\n\n<p style=\"font-size:25px\"><strong>Preise<\/strong><\/p>\n\n\n\n<p>Die Preise sind wie folgt:<\/p>\n\n\n\n<p>Einzelperson:&nbsp; 12 \/ 6 \u20ac<br>Familienkarte: 25 \u20ac (gilt f\u00fcr 1 Familie Eltern + Kinder (Anzahl egal) f\u00fcr eine Veranstaltung)<br>Festival-Abo: 30 \/ 15 \u20ac (gilt f\u00fcr 1 Person das gesamte Festival)<br>Bands and Friends: 5 \u20ac<\/p>\n\n\n\n<p style=\"font-size:25px\"><strong>Erm\u00e4\u00dfigungen<\/strong><\/p>\n\n\n\n<p>Erm\u00e4\u00dfigung gelten f\u00fcr Kinder, Sch\u00fclerInnen, Studierende (bis einschlie\u00dflich 26 Jahre), Bundesfreiwilligendienstleistende, Auszubildende, Schwerbehinderte (ab GdB 80) sowie Erwerbslose. Zum Erhalten von Erm\u00e4\u00dfigungen muss die Vorlage eines entsprechenden Nachweises erfolgen. Bitte den Nachweis an der Abendkasse bereithalten.<\/p>\n\n\n\n<p>Ausgenommen von Erm\u00e4\u00dfigungen sind alle Familienkarten und die Eintrittskarten f\u00fcr die Veranstaltung \u201eBands and Friends\u201c.<\/p>\n\n\n\n<p style=\"font-size:25px\"><br><strong>Allgemeine Hinweise<\/strong><\/p>\n\n\n\n<p>Tickets sind nicht \u00fcbertragbar.<\/p>\n\n\n\n<p>Eine R\u00fcckgabe gekaufter Karten ist nicht m\u00f6glich. Bei Verlust von Karten kann kein Ersatz geleistet werden. Zu sp\u00e4t kommende Besucher haben keinen Anspruch auf Einlass.<\/p>\n\n\n\n<p>Der Veranstaltungsort ist unbeheizt.<\/p>\n\n\n\n<p>Der Veranstalter h\u00e4lt sich vor, bei Unwetterlagen oder auf Anweisung der Beh\u00f6rden, Veranstaltungen abzusagen.<\/p>\n\n\n\n<p style=\"font-size:25px\"><strong>SICHERHEITSHINWEIS ZUM PUBLIKUMSBETRIEB<\/strong><\/p>\n\n\n\n<p>Es gilt die aktuelle Coronaschutzverordnung des Landes NRW.<\/p>\n","protected":false},"excerpt":{"rendered":"<p>Ticketinfo Tickets k\u00f6nnen bis einschlie\u00dflich 26.08.2024, unter https:\/\/www.karten.okkf.de oder per E-Mail karten@okkf.de reserviert werden. Ab den 27.08.2024 nur noch an der Abendkasse am Festivalgel\u00e4nde gekauft werden. Zahlung und Versand Die Zahlung erfolgt Bar bei Abholung&hellip; <\/p>\n<p><a class=\"more-link\" href=\"https:\/\/www.okkf.de\/?page_id=2903\">Information Kartenkauf OKKF weiterlesen<\/a><\/p>\n","protected":false},"author":1,"featured_media":0,"parent":0,"menu_order":0,"comment_status":"closed","ping_status":"closed","template":"","meta":{"footnotes":""},"class_list":["post-2903","page","type-page","status-publish","hentry"],"yoast_head":"<!-- This site is optimized with the Yoast SEO plugin v27.6 - https:\/\/yoast.com\/product\/yoast-seo-wordpress\/ -->\n<title>Information Kartenkauf OKKF - Oppumer Kleinkunst Festival<\/title>\n<meta name=\"robots\" content=\"index, follow, max-snippet:-1, max-image-preview:large, max-video-preview:-1\" \/>\n<link rel=\"canonical\" href=\"https:\/\/www.okkf.de\/?page_id=2903\" \/>\n<meta property=\"og:locale\" content=\"de_DE\" \/>\n<meta property=\"og:type\" content=\"article\" \/>\n<meta property=\"og:title\" content=\"Information Kartenkauf OKKF - Oppumer Kleinkunst Festival\" \/>\n<meta property=\"og:description\" content=\"Ticketinfo Tickets k\u00f6nnen bis einschlie\u00dflich 26.08.2024, unter https:\/\/www.karten.okkf.de oder per E-Mail karten@okkf.de reserviert werden. Ab den 27.08.2024 nur noch an der Abendkasse am Festivalgel\u00e4nde gekauft werden. Zahlung und Versand Die Zahlung erfolgt Bar bei Abholung&hellip; Information Kartenkauf OKKF weiterlesen\" \/>\n<meta property=\"og:url\" content=\"https:\/\/www.okkf.de\/?page_id=2903\" \/>\n<meta property=\"og:site_name\" content=\"Oppumer Kleinkunst Festival\" \/>\n<meta property=\"article:publisher\" content=\"https:\/\/www.facebook.com\/OppumerKleinkunstfestival\/\" \/>\n<meta property=\"article:modified_time\" content=\"2026-05-10T13:59:34+00:00\" \/>\n<meta name=\"twitter:card\" content=\"summary_large_image\" \/>\n<meta name=\"twitter:label1\" content=\"Gesch\u00e4tzte Lesezeit\" \/>\n\t<meta name=\"twitter:data1\" content=\"2\u00a0Minuten\" \/>\n<script type=\"application\/ld+json\" class=\"yoast-schema-graph\">{\"@context\":\"https:\\\/\\\/schema.org\",\"@graph\":[{\"@type\":\"WebPage\",\"@id\":\"https:\\\/\\\/www.okkf.de\\\/?page_id=2903\",\"url\":\"https:\\\/\\\/www.okkf.de\\\/?page_id=2903\",\"name\":\"Information Kartenkauf OKKF - Oppumer Kleinkunst Festival\",\"isPartOf\":{\"@id\":\"https:\\\/\\\/www.okkf.de\\\/#website\"},\"datePublished\":\"2022-07-02T17:49:08+00:00\",\"dateModified\":\"2026-05-10T13:59:34+00:00\",\"breadcrumb\":{\"@id\":\"https:\\\/\\\/www.okkf.de\\\/?page_id=2903#breadcrumb\"},\"inLanguage\":\"de\",\"potentialAction\":[{\"@type\":\"ReadAction\",\"target\":[\"https:\\\/\\\/www.okkf.de\\\/?page_id=2903\"]}]},{\"@type\":\"BreadcrumbList\",\"@id\":\"https:\\\/\\\/www.okkf.de\\\/?page_id=2903#breadcrumb\",\"itemListElement\":[{\"@type\":\"ListItem\",\"position\":1,\"name\":\"Startseite\",\"item\":\"https:\\\/\\\/www.okkf.de\\\/\"},{\"@type\":\"ListItem\",\"position\":2,\"name\":\"Information Kartenkauf OKKF\"}]},{\"@type\":\"WebSite\",\"@id\":\"https:\\\/\\\/www.okkf.de\\\/#website\",\"url\":\"https:\\\/\\\/www.okkf.de\\\/\",\"name\":\"Oppumer Kleinkunst Festival\",\"description\":\"&quot;Irgendwas ist immer&quot;\",\"publisher\":{\"@id\":\"https:\\\/\\\/www.okkf.de\\\/#organization\"},\"potentialAction\":[{\"@type\":\"SearchAction\",\"target\":{\"@type\":\"EntryPoint\",\"urlTemplate\":\"https:\\\/\\\/www.okkf.de\\\/?s={search_term_string}\"},\"query-input\":{\"@type\":\"PropertyValueSpecification\",\"valueRequired\":true,\"valueName\":\"search_term_string\"}}],\"inLanguage\":\"de\"},{\"@type\":\"Organization\",\"@id\":\"https:\\\/\\\/www.okkf.de\\\/#organization\",\"name\":\"Oppumer Kleinkunstfestival\",\"url\":\"https:\\\/\\\/www.okkf.de\\\/\",\"logo\":{\"@type\":\"ImageObject\",\"inLanguage\":\"de\",\"@id\":\"https:\\\/\\\/www.okkf.de\\\/#\\\/schema\\\/logo\\\/image\\\/\",\"url\":\"https:\\\/\\\/www.okkf.de\\\/wp-content\\\/uploads\\\/2020\\\/06\\\/ameise11-1.jpg\",\"contentUrl\":\"https:\\\/\\\/www.okkf.de\\\/wp-content\\\/uploads\\\/2020\\\/06\\\/ameise11-1.jpg\",\"width\":380,\"height\":512,\"caption\":\"Oppumer Kleinkunstfestival\"},\"image\":{\"@id\":\"https:\\\/\\\/www.okkf.de\\\/#\\\/schema\\\/logo\\\/image\\\/\"},\"sameAs\":[\"https:\\\/\\\/www.facebook.com\\\/OppumerKleinkunstfestival\\\/\",\"https:\\\/\\\/www.youtube.com\\\/channel\\\/UCqQSsWm-egXd6EY8tBjH_Aw\\\/\"]}]}<\/script>\n<!-- \/ Yoast SEO plugin. -->","yoast_head_json":{"title":"Information Kartenkauf OKKF - Oppumer Kleinkunst Festival","robots":{"index":"index","follow":"follow","max-snippet":"max-snippet:-1","max-image-preview":"max-image-preview:large","max-video-preview":"max-video-preview:-1"},"canonical":"https:\/\/www.okkf.de\/?page_id=2903","og_locale":"de_DE","og_type":"article","og_title":"Information Kartenkauf OKKF - Oppumer Kleinkunst Festival","og_description":"Ticketinfo Tickets k\u00f6nnen bis einschlie\u00dflich 26.08.2024, unter https:\/\/www.karten.okkf.de oder per E-Mail karten@okkf.de reserviert werden. Ab den 27.08.2024 nur noch an der Abendkasse am Festivalgel\u00e4nde gekauft werden. Zahlung und Versand Die Zahlung erfolgt Bar bei Abholung&hellip; Information Kartenkauf OKKF weiterlesen","og_url":"https:\/\/www.okkf.de\/?page_id=2903","og_site_name":"Oppumer Kleinkunst Festival","article_publisher":"https:\/\/www.facebook.com\/OppumerKleinkunstfestival\/","article_modified_time":"2026-05-10T13:59:34+00:00","twitter_card":"summary_large_image","twitter_misc":{"Gesch\u00e4tzte Lesezeit":"2\u00a0Minuten"},"schema":{"@context":"https:\/\/schema.org","@graph":[{"@type":"WebPage","@id":"https:\/\/www.okkf.de\/?page_id=2903","url":"https:\/\/www.okkf.de\/?page_id=2903","name":"Information Kartenkauf OKKF - Oppumer Kleinkunst Festival","isPartOf":{"@id":"https:\/\/www.okkf.de\/#website"},"datePublished":"2022-07-02T17:49:08+00:00","dateModified":"2026-05-10T13:59:34+00:00","breadcrumb":{"@id":"https:\/\/www.okkf.de\/?page_id=2903#breadcrumb"},"inLanguage":"de","potentialAction":[{"@type":"ReadAction","target":["https:\/\/www.okkf.de\/?page_id=2903"]}]},{"@type":"BreadcrumbList","@id":"https:\/\/www.okkf.de\/?page_id=2903#breadcrumb","itemListElement":[{"@type":"ListItem","position":1,"name":"Startseite","item":"https:\/\/www.okkf.de\/"},{"@type":"ListItem","position":2,"name":"Information Kartenkauf OKKF"}]},{"@type":"WebSite","@id":"https:\/\/www.okkf.de\/#website","url":"https:\/\/www.okkf.de\/","name":"Oppumer Kleinkunst Festival","description":"&quot;Irgendwas ist immer&quot;","publisher":{"@id":"https:\/\/www.okkf.de\/#organization"},"potentialAction":[{"@type":"SearchAction","target":{"@type":"EntryPoint","urlTemplate":"https:\/\/www.okkf.de\/?s={search_term_string}"},"query-input":{"@type":"PropertyValueSpecification","valueRequired":true,"valueName":"search_term_string"}}],"inLanguage":"de"},{"@type":"Organization","@id":"https:\/\/www.okkf.de\/#organization","name":"Oppumer Kleinkunstfestival","url":"https:\/\/www.okkf.de\/","logo":{"@type":"ImageObject","inLanguage":"de","@id":"https:\/\/www.okkf.de\/#\/schema\/logo\/image\/","url":"https:\/\/www.okkf.de\/wp-content\/uploads\/2020\/06\/ameise11-1.jpg","contentUrl":"https:\/\/www.okkf.de\/wp-content\/uploads\/2020\/06\/ameise11-1.jpg","width":380,"height":512,"caption":"Oppumer Kleinkunstfestival"},"image":{"@id":"https:\/\/www.okkf.de\/#\/schema\/logo\/image\/"},"sameAs":["https:\/\/www.facebook.com\/OppumerKleinkunstfestival\/","https:\/\/www.youtube.com\/channel\/UCqQSsWm-egXd6EY8tBjH_Aw\/"]}]}},"jetpack_sharing_enabled":true,"_links":{"self":[{"href":"https:\/\/www.okkf.de\/index.php?rest_route=\/wp\/v2\/pages\/2903","targetHints":{"allow":["GET"]}}],"collection":[{"href":"https:\/\/www.okkf.de\/index.php?rest_route=\/wp\/v2\/pages"}],"about":[{"href":"https:\/\/www.okkf.de\/index.php?rest_route=\/wp\/v2\/types\/page"}],"author":[{"embeddable":true,"href":"https:\/\/www.okkf.de\/index.php?rest_route=\/wp\/v2\/users\/1"}],"replies":[{"embeddable":true,"href":"https:\/\/www.okkf.de\/index.php?rest_route=%2Fwp%2Fv2%2Fcomments&post=2903"}],"version-history":[{"count":5,"href":"https:\/\/www.okkf.de\/index.php?rest_route=\/wp\/v2\/pages\/2903\/revisions"}],"predecessor-version":[{"id":4019,"href":"https:\/\/www.okkf.de\/index.php?rest_route=\/wp\/v2\/pages\/2903\/revisions\/4019"}],"wp:attachment":[{"href":"https:\/\/www.okkf.de\/index.php?rest_route=%2Fwp%2Fv2%2Fmedia&parent=2903"}],"curies":[{"name":"wp","href":"https:\/\/api.w.org\/{rel}","templated":true}]}}