{"id":318,"date":"2020-06-11T02:04:33","date_gmt":"2020-06-11T00:04:33","guid":{"rendered":"https:\/\/www.okkf.de\/?page_id=318"},"modified":"2020-07-05T21:54:09","modified_gmt":"2020-07-05T19:54:09","slug":"live","status":"publish","type":"page","link":"https:\/\/www.okkf.de\/?page_id=318","title":{"rendered":"Programm 2020"},"content":{"rendered":"\n<figure class=\"wp-block-image size-large\"><img loading=\"lazy\" decoding=\"async\" width=\"1024\" height=\"305\" src=\"https:\/\/www.okkf.de\/wp-content\/uploads\/2020\/07\/OKKF-Schriftzug-1024x305.png\" alt=\"\" class=\"wp-image-469\" srcset=\"https:\/\/www.okkf.de\/wp-content\/uploads\/2020\/07\/OKKF-Schriftzug-1024x305.png 1024w, https:\/\/www.okkf.de\/wp-content\/uploads\/2020\/07\/OKKF-Schriftzug-300x89.png 300w, https:\/\/www.okkf.de\/wp-content\/uploads\/2020\/07\/OKKF-Schriftzug-768x229.png 768w, https:\/\/www.okkf.de\/wp-content\/uploads\/2020\/07\/OKKF-Schriftzug.png 1150w\" sizes=\"auto, (max-width: 1024px) 100vw, 1024px\" \/><\/figure>\n\n\n\n<p>Besondere Zeiten erfordern ein besonderes Programm! Da es uns auf Grund der aktuellen Coronalage nicht m\u00f6glich sein wird, das Oppumer Kleinkunstfestival Euch wie sonst \u00fcblich Live im Pfarrgarten zu pr\u00e4sentieren, werden wir das diesj\u00e4hrige Programm des OKKF in einer neuen Form, Live auf Youtube pr\u00e4sentieren. <\/p>\n\n\n\n<p>Klicken Sie auf einen der Titel und erfahren Sie bereits jetzt, was es dieses Jahr alles Online zu erleben gibt.<\/p>\n\n\n<div\n\t\t\t\n\t\t\tclass=\"so-widget-sow-button so-widget-sow-button-flat-7410cba00b4b\"\n\t\t\t\n\t\t><div class=\"ow-button-base ow-button-align-center\"\n>\n\t\t\t<a\n\t\t\t\t\thref=\"https:\/\/www.okkf.de\/?page_id=410\"\n\t\t\t\t\tclass=\"sowb-button ow-icon-placement-left ow-button-hover\" title=\"Bands and Friends\" \t>\n\t\t<span>\n\t\t\t<span class=\"sow-icon-icomoon\" data-sow-icon=\"&#xe911;\"\n\t\tstyle=\"color: #dd3333\" \n\t\taria-hidden=\"true\"><\/span>\n\t\t\tBands and Friends\t\t<\/span>\n\t\t\t<\/a>\n\t<\/div>\n<\/div>\n\n\n<p><\/p>\n\n\n<div\n\t\t\t\n\t\t\tclass=\"so-widget-sow-button so-widget-sow-button-atom-58511f8504bd\"\n\t\t\t\n\t\t><div class=\"ow-button-base ow-button-align-center\"\n>\n\t\t\t<a\n\t\t\t\t\thref=\"https:\/\/www.okkf.de\/?page_id=430\"\n\t\t\t\t\tclass=\"sowb-button ow-icon-placement-left ow-button-hover\" title=\"Poetry-Slam\" \t>\n\t\t<span>\n\t\t\t<span class=\"sow-icon-icomoon\" data-sow-icon=\"&#xe91e;\"\n\t\tstyle=\"color: #dd3333\" \n\t\taria-hidden=\"true\"><\/span>\n\t\t\tPoetry-Slam\t\t<\/span>\n\t\t\t<\/a>\n\t<\/div>\n<\/div>\n\n<div\n\t\t\t\n\t\t\tclass=\"so-widget-sow-slider so-widget-sow-slider-default-6d39609536fd\"\n\t\t\t\n\t\t>\t\t\t\t<div class=\"sow-slider-base\" style=\"display: none\" tabindex=\"0\">\n\t\t\t\t\t<ul\n\t\t\t\t\tclass=\"sow-slider-images\"\n\t\t\t\t\tdata-settings=\"{&quot;pagination&quot;:true,&quot;speed&quot;:800,&quot;timeout&quot;:8000,&quot;paused&quot;:true,&quot;pause_on_hover&quot;:false,&quot;swipe&quot;:true,&quot;nav_always_show_desktop&quot;:&quot;&quot;,&quot;nav_always_show_mobile&quot;:&quot;&quot;,&quot;breakpoint&quot;:&quot;780px&quot;,&quot;unmute&quot;:false,&quot;anchor&quot;:null}\"\n\t\t\t\t\t\t\t\t\t\tdata-anchor-id=\"\"\n\t\t\t\t>\t\t<li class=\"sow-slider-image\" style=\"visibility: visible;\" >\n\t\t\t\t\t\t\t\t<\/li>\n\t\t<\/ul>\t\t\t\t<ol class=\"sow-slider-pagination\">\n\t\t\t\t\t\t\t\t\t\t\t<li><a href=\"#\" data-goto=\"0\" aria-label=\"Display slide 1\"><\/a><\/li>\n\t\t\t\t\t\t\t\t\t<\/ol>\n\n\t\t\t\t<div class=\"sow-slide-nav sow-slide-nav-next\">\n\t\t\t\t\t<a href=\"#\" data-goto=\"next\" aria-label=\"Next slide\" data-action=\"next\">\n\t\t\t\t\t\t<em class=\"sow-sld-icon-thin-right\"><\/em>\n\t\t\t\t\t<\/a>\n\t\t\t\t<\/div>\n\n\t\t\t\t<div class=\"sow-slide-nav sow-slide-nav-prev\">\n\t\t\t\t\t<a href=\"#\" data-goto=\"previous\" aria-label=\"Previous slide\" data-action=\"prev\">\n\t\t\t\t\t\t<em class=\"sow-sld-icon-thin-left\"><\/em>\n\t\t\t\t\t<\/a>\n\t\t\t\t<\/div>\n\t\t\t\t<\/div><\/div>\n\n\n<p><\/p>\n\n\n<div\n\t\t\t\n\t\t\tclass=\"so-widget-sow-button so-widget-sow-button-atom-58511f8504bd\"\n\t\t\t\n\t\t><div class=\"ow-button-base ow-button-align-center\"\n>\n\t\t\t<a\n\t\t\t\t\thref=\"https:\/\/www.okkf.de\/?page_id=437\"\n\t\t\t\t\tclass=\"sowb-button ow-icon-placement-left ow-button-hover\" title=\"Theaterabend\" \t>\n\t\t<span>\n\t\t\t<span class=\"sow-icon-fontawesome sow-fas\" data-sow-icon=\"&#xf630;\"\n\t\tstyle=\"color: #dd3333\" \n\t\taria-hidden=\"true\"><\/span>\n\t\t\tTheaterabend\t\t<\/span>\n\t\t\t<\/a>\n\t<\/div>\n<\/div>\n\n\n<p> <\/p>\n\n\n<div\n\t\t\t\n\t\t\tclass=\"so-widget-sow-button so-widget-sow-button-atom-58511f8504bd\"\n\t\t\t\n\t\t><div class=\"ow-button-base ow-button-align-center\"\n>\n\t\t\t<a\n\t\t\t\t\thref=\"https:\/\/www.okkf.de\/?page_id=452\"\n\t\t\t\t\tclass=\"sowb-button ow-icon-placement-left ow-button-hover\" title=\"Gottesdienst\" \t>\n\t\t<span>\n\t\t\t<span class=\"sow-icon-fontawesome sow-fas\" data-sow-icon=\"&#xf654;\"\n\t\tstyle=\"color: #dd3333\" \n\t\taria-hidden=\"true\"><\/span>\n\t\t\tGottesdienst\t\t<\/span>\n\t\t\t<\/a>\n\t<\/div>\n<\/div>\n\n\n<p> <\/p>\n\n\n<div\n\t\t\t\n\t\t\tclass=\"so-widget-sow-button so-widget-sow-button-atom-58511f8504bd\"\n\t\t\t\n\t\t><div class=\"ow-button-base ow-button-align-center\"\n>\n\t\t\t<a\n\t\t\t\t\thref=\"https:\/\/www.okkf.de\/?page_id=459\"\n\t\t\t\t\tclass=\"sowb-button ow-icon-placement-left ow-button-hover\" title=\"Oppumer Kleinkunstabend\" \t>\n\t\t<span>\n\t\t\t<span class=\"sow-icon-fontawesome sow-far\" data-sow-icon=\"&#xf599;\"\n\t\tstyle=\"color: #dd3333\" \n\t\taria-hidden=\"true\"><\/span>\n\t\t\tKleinkunstabend\t\t<\/span>\n\t\t\t<\/a>\n\t<\/div>\n<\/div>","protected":false},"excerpt":{"rendered":"<p>Besondere Zeiten erfordern ein besonderes Programm! Da es uns auf Grund der aktuellen Coronalage nicht m\u00f6glich sein wird, das Oppumer Kleinkunstfestival Euch wie sonst \u00fcblich Live im Pfarrgarten zu pr\u00e4sentieren, werden wir das diesj\u00e4hrige Programm&hellip; <\/p>\n<p><a class=\"more-link\" href=\"https:\/\/www.okkf.de\/?page_id=318\">Programm 2020 weiterlesen<\/a><\/p>\n","protected":false},"author":1,"featured_media":0,"parent":0,"menu_order":0,"comment_status":"closed","ping_status":"closed","template":"","meta":{"footnotes":""},"class_list":["post-318","page","type-page","status-publish","hentry"],"yoast_head":"<!-- This site is optimized with the Yoast SEO plugin v27.5 - https:\/\/yoast.com\/product\/yoast-seo-wordpress\/ -->\n<title>Programm 2020 - Oppumer Kleinkunst Festival<\/title>\n<meta name=\"robots\" content=\"index, follow, max-snippet:-1, max-image-preview:large, max-video-preview:-1\" \/>\n<link rel=\"canonical\" href=\"https:\/\/www.okkf.de\/?page_id=318\" \/>\n<meta property=\"og:locale\" content=\"de_DE\" \/>\n<meta property=\"og:type\" content=\"article\" \/>\n<meta property=\"og:title\" content=\"Programm 2020 - Oppumer Kleinkunst Festival\" \/>\n<meta property=\"og:description\" content=\"Besondere Zeiten erfordern ein besonderes Programm! Da es uns auf Grund der aktuellen Coronalage nicht m\u00f6glich sein wird, das Oppumer Kleinkunstfestival Euch wie sonst \u00fcblich Live im Pfarrgarten zu pr\u00e4sentieren, werden wir das diesj\u00e4hrige Programm&hellip; Programm 2020 weiterlesen\" \/>\n<meta property=\"og:url\" content=\"https:\/\/www.okkf.de\/?page_id=318\" \/>\n<meta property=\"og:site_name\" content=\"Oppumer Kleinkunst Festival\" \/>\n<meta property=\"article:publisher\" content=\"https:\/\/www.facebook.com\/OppumerKleinkunstfestival\/\" \/>\n<meta property=\"article:modified_time\" content=\"2020-07-05T19:54:09+00:00\" \/>\n<meta property=\"og:image\" content=\"https:\/\/www.okkf.de\/wp-content\/uploads\/2020\/07\/OKKF-Schriftzug-1024x305.png\" \/>\n<meta name=\"twitter:card\" content=\"summary_large_image\" \/>\n<script type=\"application\/ld+json\" class=\"yoast-schema-graph\">{\"@context\":\"https:\\\/\\\/schema.org\",\"@graph\":[{\"@type\":\"WebPage\",\"@id\":\"https:\\\/\\\/www.okkf.de\\\/?page_id=318\",\"url\":\"https:\\\/\\\/www.okkf.de\\\/?page_id=318\",\"name\":\"Programm 2020 - Oppumer Kleinkunst Festival\",\"isPartOf\":{\"@id\":\"https:\\\/\\\/www.okkf.de\\\/#website\"},\"primaryImageOfPage\":{\"@id\":\"https:\\\/\\\/www.okkf.de\\\/?page_id=318#primaryimage\"},\"image\":{\"@id\":\"https:\\\/\\\/www.okkf.de\\\/?page_id=318#primaryimage\"},\"thumbnailUrl\":\"https:\\\/\\\/www.okkf.de\\\/wp-content\\\/uploads\\\/2020\\\/07\\\/OKKF-Schriftzug-1024x305.png\",\"datePublished\":\"2020-06-11T00:04:33+00:00\",\"dateModified\":\"2020-07-05T19:54:09+00:00\",\"breadcrumb\":{\"@id\":\"https:\\\/\\\/www.okkf.de\\\/?page_id=318#breadcrumb\"},\"inLanguage\":\"de\",\"potentialAction\":[{\"@type\":\"ReadAction\",\"target\":[\"https:\\\/\\\/www.okkf.de\\\/?page_id=318\"]}]},{\"@type\":\"ImageObject\",\"inLanguage\":\"de\",\"@id\":\"https:\\\/\\\/www.okkf.de\\\/?page_id=318#primaryimage\",\"url\":\"https:\\\/\\\/www.okkf.de\\\/wp-content\\\/uploads\\\/2020\\\/07\\\/OKKF-Schriftzug.png\",\"contentUrl\":\"https:\\\/\\\/www.okkf.de\\\/wp-content\\\/uploads\\\/2020\\\/07\\\/OKKF-Schriftzug.png\",\"width\":1150,\"height\":343},{\"@type\":\"BreadcrumbList\",\"@id\":\"https:\\\/\\\/www.okkf.de\\\/?page_id=318#breadcrumb\",\"itemListElement\":[{\"@type\":\"ListItem\",\"position\":1,\"name\":\"Startseite\",\"item\":\"https:\\\/\\\/www.okkf.de\\\/\"},{\"@type\":\"ListItem\",\"position\":2,\"name\":\"Programm 2020\"}]},{\"@type\":\"WebSite\",\"@id\":\"https:\\\/\\\/www.okkf.de\\\/#website\",\"url\":\"https:\\\/\\\/www.okkf.de\\\/\",\"name\":\"Oppumer Kleinkunst Festival\",\"description\":\"&quot;Irgendwas ist ja immer&quot;\",\"publisher\":{\"@id\":\"https:\\\/\\\/www.okkf.de\\\/#organization\"},\"potentialAction\":[{\"@type\":\"SearchAction\",\"target\":{\"@type\":\"EntryPoint\",\"urlTemplate\":\"https:\\\/\\\/www.okkf.de\\\/?s={search_term_string}\"},\"query-input\":{\"@type\":\"PropertyValueSpecification\",\"valueRequired\":true,\"valueName\":\"search_term_string\"}}],\"inLanguage\":\"de\"},{\"@type\":\"Organization\",\"@id\":\"https:\\\/\\\/www.okkf.de\\\/#organization\",\"name\":\"Oppumer Kleinkunstfestival\",\"url\":\"https:\\\/\\\/www.okkf.de\\\/\",\"logo\":{\"@type\":\"ImageObject\",\"inLanguage\":\"de\",\"@id\":\"https:\\\/\\\/www.okkf.de\\\/#\\\/schema\\\/logo\\\/image\\\/\",\"url\":\"https:\\\/\\\/www.okkf.de\\\/wp-content\\\/uploads\\\/2020\\\/06\\\/ameise11-1.jpg\",\"contentUrl\":\"https:\\\/\\\/www.okkf.de\\\/wp-content\\\/uploads\\\/2020\\\/06\\\/ameise11-1.jpg\",\"width\":380,\"height\":512,\"caption\":\"Oppumer Kleinkunstfestival\"},\"image\":{\"@id\":\"https:\\\/\\\/www.okkf.de\\\/#\\\/schema\\\/logo\\\/image\\\/\"},\"sameAs\":[\"https:\\\/\\\/www.facebook.com\\\/OppumerKleinkunstfestival\\\/\",\"https:\\\/\\\/www.youtube.com\\\/channel\\\/UCqQSsWm-egXd6EY8tBjH_Aw\\\/\"]}]}<\/script>\n<!-- \/ Yoast SEO plugin. -->","yoast_head_json":{"title":"Programm 2020 - Oppumer Kleinkunst Festival","robots":{"index":"index","follow":"follow","max-snippet":"max-snippet:-1","max-image-preview":"max-image-preview:large","max-video-preview":"max-video-preview:-1"},"canonical":"https:\/\/www.okkf.de\/?page_id=318","og_locale":"de_DE","og_type":"article","og_title":"Programm 2020 - Oppumer Kleinkunst Festival","og_description":"Besondere Zeiten erfordern ein besonderes Programm! Da es uns auf Grund der aktuellen Coronalage nicht m\u00f6glich sein wird, das Oppumer Kleinkunstfestival Euch wie sonst \u00fcblich Live im Pfarrgarten zu pr\u00e4sentieren, werden wir das diesj\u00e4hrige Programm&hellip; Programm 2020 weiterlesen","og_url":"https:\/\/www.okkf.de\/?page_id=318","og_site_name":"Oppumer Kleinkunst Festival","article_publisher":"https:\/\/www.facebook.com\/OppumerKleinkunstfestival\/","article_modified_time":"2020-07-05T19:54:09+00:00","og_image":[{"url":"https:\/\/www.okkf.de\/wp-content\/uploads\/2020\/07\/OKKF-Schriftzug-1024x305.png","type":"","width":"","height":""}],"twitter_card":"summary_large_image","schema":{"@context":"https:\/\/schema.org","@graph":[{"@type":"WebPage","@id":"https:\/\/www.okkf.de\/?page_id=318","url":"https:\/\/www.okkf.de\/?page_id=318","name":"Programm 2020 - Oppumer Kleinkunst Festival","isPartOf":{"@id":"https:\/\/www.okkf.de\/#website"},"primaryImageOfPage":{"@id":"https:\/\/www.okkf.de\/?page_id=318#primaryimage"},"image":{"@id":"https:\/\/www.okkf.de\/?page_id=318#primaryimage"},"thumbnailUrl":"https:\/\/www.okkf.de\/wp-content\/uploads\/2020\/07\/OKKF-Schriftzug-1024x305.png","datePublished":"2020-06-11T00:04:33+00:00","dateModified":"2020-07-05T19:54:09+00:00","breadcrumb":{"@id":"https:\/\/www.okkf.de\/?page_id=318#breadcrumb"},"inLanguage":"de","potentialAction":[{"@type":"ReadAction","target":["https:\/\/www.okkf.de\/?page_id=318"]}]},{"@type":"ImageObject","inLanguage":"de","@id":"https:\/\/www.okkf.de\/?page_id=318#primaryimage","url":"https:\/\/www.okkf.de\/wp-content\/uploads\/2020\/07\/OKKF-Schriftzug.png","contentUrl":"https:\/\/www.okkf.de\/wp-content\/uploads\/2020\/07\/OKKF-Schriftzug.png","width":1150,"height":343},{"@type":"BreadcrumbList","@id":"https:\/\/www.okkf.de\/?page_id=318#breadcrumb","itemListElement":[{"@type":"ListItem","position":1,"name":"Startseite","item":"https:\/\/www.okkf.de\/"},{"@type":"ListItem","position":2,"name":"Programm 2020"}]},{"@type":"WebSite","@id":"https:\/\/www.okkf.de\/#website","url":"https:\/\/www.okkf.de\/","name":"Oppumer Kleinkunst Festival","description":"&quot;Irgendwas ist ja immer&quot;","publisher":{"@id":"https:\/\/www.okkf.de\/#organization"},"potentialAction":[{"@type":"SearchAction","target":{"@type":"EntryPoint","urlTemplate":"https:\/\/www.okkf.de\/?s={search_term_string}"},"query-input":{"@type":"PropertyValueSpecification","valueRequired":true,"valueName":"search_term_string"}}],"inLanguage":"de"},{"@type":"Organization","@id":"https:\/\/www.okkf.de\/#organization","name":"Oppumer Kleinkunstfestival","url":"https:\/\/www.okkf.de\/","logo":{"@type":"ImageObject","inLanguage":"de","@id":"https:\/\/www.okkf.de\/#\/schema\/logo\/image\/","url":"https:\/\/www.okkf.de\/wp-content\/uploads\/2020\/06\/ameise11-1.jpg","contentUrl":"https:\/\/www.okkf.de\/wp-content\/uploads\/2020\/06\/ameise11-1.jpg","width":380,"height":512,"caption":"Oppumer Kleinkunstfestival"},"image":{"@id":"https:\/\/www.okkf.de\/#\/schema\/logo\/image\/"},"sameAs":["https:\/\/www.facebook.com\/OppumerKleinkunstfestival\/","https:\/\/www.youtube.com\/channel\/UCqQSsWm-egXd6EY8tBjH_Aw\/"]}]}},"jetpack_sharing_enabled":true,"_links":{"self":[{"href":"https:\/\/www.okkf.de\/index.php?rest_route=\/wp\/v2\/pages\/318","targetHints":{"allow":["GET"]}}],"collection":[{"href":"https:\/\/www.okkf.de\/index.php?rest_route=\/wp\/v2\/pages"}],"about":[{"href":"https:\/\/www.okkf.de\/index.php?rest_route=\/wp\/v2\/types\/page"}],"author":[{"embeddable":true,"href":"https:\/\/www.okkf.de\/index.php?rest_route=\/wp\/v2\/users\/1"}],"replies":[{"embeddable":true,"href":"https:\/\/www.okkf.de\/index.php?rest_route=%2Fwp%2Fv2%2Fcomments&post=318"}],"version-history":[{"count":4,"href":"https:\/\/www.okkf.de\/index.php?rest_route=\/wp\/v2\/pages\/318\/revisions"}],"predecessor-version":[{"id":2665,"href":"https:\/\/www.okkf.de\/index.php?rest_route=\/wp\/v2\/pages\/318\/revisions\/2665"}],"wp:attachment":[{"href":"https:\/\/www.okkf.de\/index.php?rest_route=%2Fwp%2Fv2%2Fmedia&parent=318"}],"curies":[{"name":"wp","href":"https:\/\/api.w.org\/{rel}","templated":true}]}}