{"id":430,"date":"2020-07-03T23:52:37","date_gmt":"2020-07-03T21:52:37","guid":{"rendered":"https:\/\/www.okkf.de\/?page_id=430"},"modified":"2020-07-03T23:52:38","modified_gmt":"2020-07-03T21:52:38","slug":"poetry-slam","status":"publish","type":"page","link":"https:\/\/www.okkf.de\/?page_id=430","title":{"rendered":"Poetry-Slam"},"content":{"rendered":"\n<div class=\"wp-block-image\"><figure class=\"aligncenter size-large is-resized\"><img loading=\"lazy\" decoding=\"async\" src=\"https:\/\/www.okkf.de\/wp-content\/uploads\/2020\/07\/Poetry-Slam-1.png\" alt=\"\" class=\"wp-image-429\" width=\"519\" height=\"386\" srcset=\"https:\/\/www.okkf.de\/wp-content\/uploads\/2020\/07\/Poetry-Slam-1.png 522w, https:\/\/www.okkf.de\/wp-content\/uploads\/2020\/07\/Poetry-Slam-1-300x223.png 300w\" sizes=\"auto, (max-width: 519px) 100vw, 519px\" \/><\/figure><\/div>\n\n\n\n<div class=\"wp-block-media-text alignwide is-stacked-on-mobile\"><figure class=\"wp-block-media-text__media\"><img loading=\"lazy\" decoding=\"async\" width=\"2560\" height=\"1707\" src=\"https:\/\/www.okkf.de\/wp-content\/uploads\/2020\/07\/PS1-scaled.jpg\" alt=\"\" class=\"wp-image-431\" srcset=\"https:\/\/www.okkf.de\/wp-content\/uploads\/2020\/07\/PS1-scaled.jpg 2560w, https:\/\/www.okkf.de\/wp-content\/uploads\/2020\/07\/PS1-300x200.jpg 300w, https:\/\/www.okkf.de\/wp-content\/uploads\/2020\/07\/PS1-768x512.jpg 768w, https:\/\/www.okkf.de\/wp-content\/uploads\/2020\/07\/PS1-2048x1365.jpg 2048w\" sizes=\"auto, (max-width: 2560px) 100vw, 2560px\" \/><\/figure><div class=\"wp-block-media-text__content\">\n<p style=\"font-size:28px\">\u201eEin <strong>Poetry-Slam<\/strong> (alternative Schreibweisen: <strong>Poetryslam<\/strong><sup><a href=\"https:\/\/de.wikipedia.org\/wiki\/Poetry-Slam#cite_note-1\">[1]<\/a><\/sup><a href=\"https:\/\/de.wikipedia.org\/wiki\/Poetry-Slam#cite_note-2\"><sup>[2]<\/sup><\/a><a href=\"https:\/\/de.wikipedia.org\/wiki\/Poetry-Slam#cite_note-3\"><sup>[3]<\/sup><\/a>, <strong>Poetry Slam<\/strong>) ist ein <a href=\"https:\/\/de.wikipedia.org\/wiki\/Literatur\">literarischer<\/a> Wettbewerb, bei dem selbstverfasste Texte innerhalb einer bestimmten Zeit vorgetragen werden. Die Zuh\u00f6rer k\u00fcren anschlie\u00dfend den Sieger.\u201c (Wikipedia)<\/p>\n<\/div><\/div>\n\n\n\n<div class=\"wp-block-media-text alignwide has-media-on-the-right is-stacked-on-mobile\"><figure class=\"wp-block-media-text__media\"><img loading=\"lazy\" decoding=\"async\" width=\"2560\" height=\"1707\" src=\"https:\/\/www.okkf.de\/wp-content\/uploads\/2020\/07\/PS2-scaled.jpg\" alt=\"\" class=\"wp-image-433\" srcset=\"https:\/\/www.okkf.de\/wp-content\/uploads\/2020\/07\/PS2-scaled.jpg 2560w, https:\/\/www.okkf.de\/wp-content\/uploads\/2020\/07\/PS2-300x200.jpg 300w, https:\/\/www.okkf.de\/wp-content\/uploads\/2020\/07\/PS2-2048x1365.jpg 2048w\" sizes=\"auto, (max-width: 2560px) 100vw, 2560px\" \/><\/figure><div class=\"wp-block-media-text__content\">\n<p style=\"font-size:28px\">Am 07.08.2020 wird ab 20 Uhr genau so ein Poerty-Slam Live beim OKKF stattfinden. 6 Teilnehmer werden an diesem Abend in den Wettstreit gehen. Ein Wirklich Sehens- und H\u00f6renswertes Erlebnis. <\/p>\n<\/div><\/div>\n\n\n\n<p style=\"font-size:28px\">Bei den Teilnehmern handelt es sich nicht um Profis! Die Teilnehmer bereiten sich in einem Workshop auf diesen Abend vor. Der Workshop ist eine Zusammenarbeit vom OKKF und dem Jugendzentrum Casablanca.<\/p>\n","protected":false},"excerpt":{"rendered":"<p>\u201eEin Poetry-Slam (alternative Schreibweisen: Poetryslam[1][2][3], Poetry Slam) ist ein literarischer Wettbewerb, bei dem selbstverfasste Texte innerhalb einer bestimmten Zeit vorgetragen werden. Die Zuh\u00f6rer k\u00fcren anschlie\u00dfend den Sieger.\u201c (Wikipedia) Am 07.08.2020 wird ab 20 Uhr genau&hellip; <\/p>\n<p><a class=\"more-link\" href=\"https:\/\/www.okkf.de\/?page_id=430\">Poetry-Slam weiterlesen<\/a><\/p>\n","protected":false},"author":1,"featured_media":0,"parent":318,"menu_order":0,"comment_status":"closed","ping_status":"closed","template":"","meta":{"footnotes":""},"class_list":["post-430","page","type-page","status-publish","hentry"],"yoast_head":"<!-- This site is optimized with the Yoast SEO plugin v27.5 - https:\/\/yoast.com\/product\/yoast-seo-wordpress\/ -->\n<title>Poetry-Slam - Oppumer Kleinkunst Festival<\/title>\n<meta name=\"robots\" content=\"index, follow, max-snippet:-1, max-image-preview:large, max-video-preview:-1\" \/>\n<link rel=\"canonical\" href=\"https:\/\/www.okkf.de\/?page_id=430\" \/>\n<meta property=\"og:locale\" content=\"de_DE\" \/>\n<meta property=\"og:type\" content=\"article\" \/>\n<meta property=\"og:title\" content=\"Poetry-Slam - Oppumer Kleinkunst Festival\" \/>\n<meta property=\"og:description\" content=\"\u201eEin Poetry-Slam (alternative Schreibweisen: Poetryslam[1][2][3], Poetry Slam) ist ein literarischer Wettbewerb, bei dem selbstverfasste Texte innerhalb einer bestimmten Zeit vorgetragen werden. Die Zuh\u00f6rer k\u00fcren anschlie\u00dfend den Sieger.\u201c (Wikipedia) Am 07.08.2020 wird ab 20 Uhr genau&hellip; Poetry-Slam weiterlesen\" \/>\n<meta property=\"og:url\" content=\"https:\/\/www.okkf.de\/?page_id=430\" \/>\n<meta property=\"og:site_name\" content=\"Oppumer Kleinkunst Festival\" \/>\n<meta property=\"article:publisher\" content=\"https:\/\/www.facebook.com\/OppumerKleinkunstfestival\/\" \/>\n<meta property=\"article:modified_time\" content=\"2020-07-03T21:52:38+00:00\" \/>\n<meta property=\"og:image\" content=\"https:\/\/www.okkf.de\/wp-content\/uploads\/2020\/07\/Poetry-Slam-1.png\" \/>\n<meta name=\"twitter:card\" content=\"summary_large_image\" \/>\n<script type=\"application\/ld+json\" class=\"yoast-schema-graph\">{\"@context\":\"https:\\\/\\\/schema.org\",\"@graph\":[{\"@type\":\"WebPage\",\"@id\":\"https:\\\/\\\/www.okkf.de\\\/?page_id=430\",\"url\":\"https:\\\/\\\/www.okkf.de\\\/?page_id=430\",\"name\":\"Poetry-Slam - Oppumer Kleinkunst Festival\",\"isPartOf\":{\"@id\":\"https:\\\/\\\/www.okkf.de\\\/#website\"},\"primaryImageOfPage\":{\"@id\":\"https:\\\/\\\/www.okkf.de\\\/?page_id=430#primaryimage\"},\"image\":{\"@id\":\"https:\\\/\\\/www.okkf.de\\\/?page_id=430#primaryimage\"},\"thumbnailUrl\":\"https:\\\/\\\/www.okkf.de\\\/wp-content\\\/uploads\\\/2020\\\/07\\\/Poetry-Slam-1.png\",\"datePublished\":\"2020-07-03T21:52:37+00:00\",\"dateModified\":\"2020-07-03T21:52:38+00:00\",\"breadcrumb\":{\"@id\":\"https:\\\/\\\/www.okkf.de\\\/?page_id=430#breadcrumb\"},\"inLanguage\":\"de\",\"potentialAction\":[{\"@type\":\"ReadAction\",\"target\":[\"https:\\\/\\\/www.okkf.de\\\/?page_id=430\"]}]},{\"@type\":\"ImageObject\",\"inLanguage\":\"de\",\"@id\":\"https:\\\/\\\/www.okkf.de\\\/?page_id=430#primaryimage\",\"url\":\"https:\\\/\\\/www.okkf.de\\\/wp-content\\\/uploads\\\/2020\\\/07\\\/Poetry-Slam-1.png\",\"contentUrl\":\"https:\\\/\\\/www.okkf.de\\\/wp-content\\\/uploads\\\/2020\\\/07\\\/Poetry-Slam-1.png\",\"width\":522,\"height\":388},{\"@type\":\"BreadcrumbList\",\"@id\":\"https:\\\/\\\/www.okkf.de\\\/?page_id=430#breadcrumb\",\"itemListElement\":[{\"@type\":\"ListItem\",\"position\":1,\"name\":\"Startseite\",\"item\":\"https:\\\/\\\/www.okkf.de\\\/\"},{\"@type\":\"ListItem\",\"position\":2,\"name\":\"Programm 2020\",\"item\":\"https:\\\/\\\/www.okkf.de\\\/?page_id=318\"},{\"@type\":\"ListItem\",\"position\":3,\"name\":\"Poetry-Slam\"}]},{\"@type\":\"WebSite\",\"@id\":\"https:\\\/\\\/www.okkf.de\\\/#website\",\"url\":\"https:\\\/\\\/www.okkf.de\\\/\",\"name\":\"Oppumer Kleinkunst Festival\",\"description\":\"&quot;Irgendwas ist ja immer&quot;\",\"publisher\":{\"@id\":\"https:\\\/\\\/www.okkf.de\\\/#organization\"},\"potentialAction\":[{\"@type\":\"SearchAction\",\"target\":{\"@type\":\"EntryPoint\",\"urlTemplate\":\"https:\\\/\\\/www.okkf.de\\\/?s={search_term_string}\"},\"query-input\":{\"@type\":\"PropertyValueSpecification\",\"valueRequired\":true,\"valueName\":\"search_term_string\"}}],\"inLanguage\":\"de\"},{\"@type\":\"Organization\",\"@id\":\"https:\\\/\\\/www.okkf.de\\\/#organization\",\"name\":\"Oppumer Kleinkunstfestival\",\"url\":\"https:\\\/\\\/www.okkf.de\\\/\",\"logo\":{\"@type\":\"ImageObject\",\"inLanguage\":\"de\",\"@id\":\"https:\\\/\\\/www.okkf.de\\\/#\\\/schema\\\/logo\\\/image\\\/\",\"url\":\"https:\\\/\\\/www.okkf.de\\\/wp-content\\\/uploads\\\/2020\\\/06\\\/ameise11-1.jpg\",\"contentUrl\":\"https:\\\/\\\/www.okkf.de\\\/wp-content\\\/uploads\\\/2020\\\/06\\\/ameise11-1.jpg\",\"width\":380,\"height\":512,\"caption\":\"Oppumer Kleinkunstfestival\"},\"image\":{\"@id\":\"https:\\\/\\\/www.okkf.de\\\/#\\\/schema\\\/logo\\\/image\\\/\"},\"sameAs\":[\"https:\\\/\\\/www.facebook.com\\\/OppumerKleinkunstfestival\\\/\",\"https:\\\/\\\/www.youtube.com\\\/channel\\\/UCqQSsWm-egXd6EY8tBjH_Aw\\\/\"]}]}<\/script>\n<!-- \/ Yoast SEO plugin. -->","yoast_head_json":{"title":"Poetry-Slam - Oppumer Kleinkunst Festival","robots":{"index":"index","follow":"follow","max-snippet":"max-snippet:-1","max-image-preview":"max-image-preview:large","max-video-preview":"max-video-preview:-1"},"canonical":"https:\/\/www.okkf.de\/?page_id=430","og_locale":"de_DE","og_type":"article","og_title":"Poetry-Slam - Oppumer Kleinkunst Festival","og_description":"\u201eEin Poetry-Slam (alternative Schreibweisen: Poetryslam[1][2][3], Poetry Slam) ist ein literarischer Wettbewerb, bei dem selbstverfasste Texte innerhalb einer bestimmten Zeit vorgetragen werden. Die Zuh\u00f6rer k\u00fcren anschlie\u00dfend den Sieger.\u201c (Wikipedia) Am 07.08.2020 wird ab 20 Uhr genau&hellip; Poetry-Slam weiterlesen","og_url":"https:\/\/www.okkf.de\/?page_id=430","og_site_name":"Oppumer Kleinkunst Festival","article_publisher":"https:\/\/www.facebook.com\/OppumerKleinkunstfestival\/","article_modified_time":"2020-07-03T21:52:38+00:00","og_image":[{"url":"https:\/\/www.okkf.de\/wp-content\/uploads\/2020\/07\/Poetry-Slam-1.png","type":"","width":"","height":""}],"twitter_card":"summary_large_image","schema":{"@context":"https:\/\/schema.org","@graph":[{"@type":"WebPage","@id":"https:\/\/www.okkf.de\/?page_id=430","url":"https:\/\/www.okkf.de\/?page_id=430","name":"Poetry-Slam - Oppumer Kleinkunst Festival","isPartOf":{"@id":"https:\/\/www.okkf.de\/#website"},"primaryImageOfPage":{"@id":"https:\/\/www.okkf.de\/?page_id=430#primaryimage"},"image":{"@id":"https:\/\/www.okkf.de\/?page_id=430#primaryimage"},"thumbnailUrl":"https:\/\/www.okkf.de\/wp-content\/uploads\/2020\/07\/Poetry-Slam-1.png","datePublished":"2020-07-03T21:52:37+00:00","dateModified":"2020-07-03T21:52:38+00:00","breadcrumb":{"@id":"https:\/\/www.okkf.de\/?page_id=430#breadcrumb"},"inLanguage":"de","potentialAction":[{"@type":"ReadAction","target":["https:\/\/www.okkf.de\/?page_id=430"]}]},{"@type":"ImageObject","inLanguage":"de","@id":"https:\/\/www.okkf.de\/?page_id=430#primaryimage","url":"https:\/\/www.okkf.de\/wp-content\/uploads\/2020\/07\/Poetry-Slam-1.png","contentUrl":"https:\/\/www.okkf.de\/wp-content\/uploads\/2020\/07\/Poetry-Slam-1.png","width":522,"height":388},{"@type":"BreadcrumbList","@id":"https:\/\/www.okkf.de\/?page_id=430#breadcrumb","itemListElement":[{"@type":"ListItem","position":1,"name":"Startseite","item":"https:\/\/www.okkf.de\/"},{"@type":"ListItem","position":2,"name":"Programm 2020","item":"https:\/\/www.okkf.de\/?page_id=318"},{"@type":"ListItem","position":3,"name":"Poetry-Slam"}]},{"@type":"WebSite","@id":"https:\/\/www.okkf.de\/#website","url":"https:\/\/www.okkf.de\/","name":"Oppumer Kleinkunst Festival","description":"&quot;Irgendwas ist ja immer&quot;","publisher":{"@id":"https:\/\/www.okkf.de\/#organization"},"potentialAction":[{"@type":"SearchAction","target":{"@type":"EntryPoint","urlTemplate":"https:\/\/www.okkf.de\/?s={search_term_string}"},"query-input":{"@type":"PropertyValueSpecification","valueRequired":true,"valueName":"search_term_string"}}],"inLanguage":"de"},{"@type":"Organization","@id":"https:\/\/www.okkf.de\/#organization","name":"Oppumer Kleinkunstfestival","url":"https:\/\/www.okkf.de\/","logo":{"@type":"ImageObject","inLanguage":"de","@id":"https:\/\/www.okkf.de\/#\/schema\/logo\/image\/","url":"https:\/\/www.okkf.de\/wp-content\/uploads\/2020\/06\/ameise11-1.jpg","contentUrl":"https:\/\/www.okkf.de\/wp-content\/uploads\/2020\/06\/ameise11-1.jpg","width":380,"height":512,"caption":"Oppumer Kleinkunstfestival"},"image":{"@id":"https:\/\/www.okkf.de\/#\/schema\/logo\/image\/"},"sameAs":["https:\/\/www.facebook.com\/OppumerKleinkunstfestival\/","https:\/\/www.youtube.com\/channel\/UCqQSsWm-egXd6EY8tBjH_Aw\/"]}]}},"jetpack_sharing_enabled":true,"_links":{"self":[{"href":"https:\/\/www.okkf.de\/index.php?rest_route=\/wp\/v2\/pages\/430","targetHints":{"allow":["GET"]}}],"collection":[{"href":"https:\/\/www.okkf.de\/index.php?rest_route=\/wp\/v2\/pages"}],"about":[{"href":"https:\/\/www.okkf.de\/index.php?rest_route=\/wp\/v2\/types\/page"}],"author":[{"embeddable":true,"href":"https:\/\/www.okkf.de\/index.php?rest_route=\/wp\/v2\/users\/1"}],"replies":[{"embeddable":true,"href":"https:\/\/www.okkf.de\/index.php?rest_route=%2Fwp%2Fv2%2Fcomments&post=430"}],"version-history":[{"count":2,"href":"https:\/\/www.okkf.de\/index.php?rest_route=\/wp\/v2\/pages\/430\/revisions"}],"predecessor-version":[{"id":434,"href":"https:\/\/www.okkf.de\/index.php?rest_route=\/wp\/v2\/pages\/430\/revisions\/434"}],"up":[{"embeddable":true,"href":"https:\/\/www.okkf.de\/index.php?rest_route=\/wp\/v2\/pages\/318"}],"wp:attachment":[{"href":"https:\/\/www.okkf.de\/index.php?rest_route=%2Fwp%2Fv2%2Fmedia&parent=430"}],"curies":[{"name":"wp","href":"https:\/\/api.w.org\/{rel}","templated":true}]}}